{"id":477,"date":"2024-06-03T15:14:57","date_gmt":"2024-06-03T12:14:57","guid":{"rendered":"https:\/\/www.een-istanbul.org\/?page_id=477"},"modified":"2024-07-30T14:55:29","modified_gmt":"2024-07-30T11:55:29","slug":"uluslararasilasma","status":"publish","type":"page","link":"https:\/\/www.een-istanbul.org\/en\/internationalization\/","title":{"rendered":"Internationalisation"},"content":{"rendered":"<div data-elementor-type=\"wp-page\" data-elementor-id=\"477\" class=\"elementor elementor-477\" data-elementor-post-type=\"page\">\n\t\t\t\t<div class=\"elementor-element elementor-element-71f45494 service-header e-flex e-con-boxed e-con e-parent\" data-id=\"71f45494\" data-element_type=\"container\" data-settings=\"{&quot;background_background&quot;:&quot;classic&quot;}\">\n\t\t\t\t\t<div class=\"e-con-inner\">\n\t\t<div class=\"elementor-element elementor-element-43f70ce5 service-header-title e-flex e-con-boxed e-con e-child\" data-id=\"43f70ce5\" data-element_type=\"container\">\n\t\t\t\t\t<div class=\"e-con-inner\">\n\t\t\t\t<div class=\"elementor-element elementor-element-125fd6ee elementor-widget elementor-widget-heading\" data-id=\"125fd6ee\" data-element_type=\"widget\" data-widget_type=\"heading.default\">\n\t\t\t\t<div class=\"elementor-widget-container\">\n\t\t\t\t\t<h1 class=\"elementor-heading-title elementor-size-default\">Internationalisation\n<\/h1>\t\t\t\t<\/div>\n\t\t\t\t<\/div>\n\t\t\t\t\t<\/div>\n\t\t\t\t<\/div>\n\t\t\t\t\t<\/div>\n\t\t\t\t<\/div>\n\t\t<div class=\"elementor-element elementor-element-2b1bfdd e-flex e-con-boxed e-con e-parent\" data-id=\"2b1bfdd\" data-element_type=\"container\">\n\t\t\t\t\t<div class=\"e-con-inner\">\n\t\t\t\t<div class=\"elementor-element elementor-element-3069657 elementor-widget elementor-widget-text-editor\" data-id=\"3069657\" data-element_type=\"widget\" data-widget_type=\"text-editor.default\">\n\t\t\t\t<div class=\"elementor-widget-container\">\n\t\t\t\t\t\t\t\t\t<p>Determining the right strategies is crucial for gaining a competitive advantage in international markets and achieving sustainable growth goals. At the Enterprise Europe Network (EEN), we are dedicated to collaborating with you to facilitate the internationalisation process of your businesses.<\/p><p>With our experienced expert staff and specially designed solutions, we offer the following outcomes:<\/p><ul><li><p>Ensuring companies rise to competitive positions in international markets,<\/p><\/li><li><p>Supporting exporters in taking the in taking the right positions in potential markets,<\/p><\/li><li><p>Enabling companies to identify the most suitable markets for their products and analyse competitive conditions,<\/p><\/li><li><p>Utilising innovative tools and alternative sales channels offered by the digital world to reach target buyers quickly in line with evolving developments.<\/p><\/li><\/ul><p class=\"translation-block\"><p>Within the scope of the EEN, you can:<\/p>\n<ul>\n<li>\n<p>Explore B2B events organised on our <strong>Events<\/strong> page,<\/p>\n<\/li>\n<li>\n<p>Discover advertisements published within the scope of EEN on our <strong>Partnering Opportunities<\/strong> page,<\/p>\n<\/li>\n<li>\n<p>Take a closer look at our <strong>Target Market Consultancy<\/strong> and <strong>E-Accelerator<\/strong> services,<\/p>\n<\/li>\n<li>\n<p>Feel free to consult us with our <strong>Customs Support Desk<\/strong> service,<\/p>\n<\/li>\n<li>\n<p><strong>Contact<\/strong> us for further information.<\/p>\n<\/li>\n<\/ul><\/p><p class=\"translation-block\">There are also KOSGEB \u0130MES M\u00fcd\u00fcrl\u00fc\u011f\u00fc programs tailored to benefit managers and employees of companies operating in manufacturing and IT sectors who desire to expand their business through exporting or have recently begun exporting and wish to learn about the initial steps required for success in this field. These programs, named \u201cTraining and Mentoring Programme on Export Management Skills for Beginners\u201d and \u201cExport Training and Mentoring Programme for IT Sector\u201d are designed to enable participants to develop a comprehensive export strategy and establish a dedicated export department within their company. The training programmes are scheduled over several days, with each session carefully programmed to provide participants with a comprehensive understanding of the export process.<\/p><p>KOSGEB \u0130MES M\u00fcd\u00fcrl\u00fc\u011f\u00fc programmes follow a holistic approach that assists companies in analysing their export suitability, addresses the areas that require improvement, helps develop marketing and sales skills, identifies target countries &amp; market entry strategies, and informs participants on how to leverage government incentives effectively. Overall, these programs aim to equip participants with the necessary knowledge and skills to succeed in export business. Therefore, our consortium is programmed with an approach that will be with you in your internationalisation adventure from point 0 until you reach the highest goals.<\/p>\t\t\t\t\t\t\t\t<\/div>\n\t\t\t\t<\/div>\n\t\t\t\t<div class=\"elementor-element elementor-element-16e6789 elementor-widget elementor-widget-html\" data-id=\"16e6789\" data-element_type=\"widget\" data-widget_type=\"html.default\">\n\t\t\t\t<div class=\"elementor-widget-container\">\n\t\t\t\t\t<script> \r\njQuery(window).on('load', function() {\r\n    jQuery('.elementor-accordion .elementor-tab-title').removeClass('elementor-active');\r\n    jQuery('.elementor-accordion .elementor-tab-content').css('display', 'none');\r\n});\r\n\r\n<\/script>\t\t\t\t<\/div>\n\t\t\t\t<\/div>\n\t\t\t\t<div class=\"elementor-element elementor-element-3c3d754 elementor-widget elementor-widget-accordion\" data-id=\"3c3d754\" data-element_type=\"widget\" data-widget_type=\"accordion.default\">\n\t\t\t\t<div class=\"elementor-widget-container\">\n\t\t\t\t\t\t\t<div class=\"elementor-accordion\">\n\t\t\t\t\t\t\t<div class=\"elementor-accordion-item\">\n\t\t\t\t\t<div id=\"elementor-tab-title-6311\" class=\"elementor-tab-title\" data-tab=\"1\" role=\"button\" aria-controls=\"elementor-tab-content-6311\" aria-expanded=\"false\">\n\t\t\t\t\t\t\t\t\t\t\t\t\t<span class=\"elementor-accordion-icon elementor-accordion-icon-left\" aria-hidden=\"true\">\n\t\t\t\t\t\t\t\t\t\t\t\t\t\t\t<span class=\"elementor-accordion-icon-closed\"><svg class=\"e-font-icon-svg e-fas-plus\" viewbox=\"0 0 448 512\" xmlns=\"http:\/\/www.w3.org\/2000\/svg\"><path d=\"M416 208H272V64c0-17.67-14.33-32-32-32h-32c-17.67 0-32 14.33-32 32v144H32c-17.67 0-32 14.33-32 32v32c0 17.67 14.33 32 32 32h144v144c0 17.67 14.33 32 32 32h32c17.67 0 32-14.33 32-32V304h144c17.67 0 32-14.33 32-32v-32c0-17.67-14.33-32-32-32z\"><\/path><\/svg><\/span>\n\t\t\t\t\t\t\t\t<span class=\"elementor-accordion-icon-opened\"><svg class=\"e-font-icon-svg e-fas-minus\" viewbox=\"0 0 448 512\" xmlns=\"http:\/\/www.w3.org\/2000\/svg\"><path d=\"M416 208H32c-17.67 0-32 14.33-32 32v32c0 17.67 14.33 32 32 32h384c17.67 0 32-14.33 32-32v-32c0-17.67-14.33-32-32-32z\"><\/path><\/svg><\/span>\n\t\t\t\t\t\t\t\t\t\t\t\t\t\t<\/span>\n\t\t\t\t\t\t\t\t\t\t\t\t<a class=\"elementor-accordion-title\" tabindex=\"0\">ISO Target Market Research Consultancy<\/a>\n\t\t\t\t\t<\/div>\n\t\t\t\t\t<div id=\"elementor-tab-content-6311\" class=\"elementor-tab-content elementor-clearfix\" data-tab=\"1\" role=\"region\" aria-labelledby=\"elementor-tab-title-6311\"><p><img fetchpriority=\"high\" decoding=\"async\" class=\"alignnone size-full wp-image-449\" src=\"https:\/\/www.een-istanbul.org\/wp-content\/uploads\/2024\/06\/isohedefpazar.jpg\" alt=\"ISO Target Market Research Consultancy\" width=\"1385\" height=\"640\" srcset=\"https:\/\/www.een-istanbul.org\/wp-content\/uploads\/2024\/06\/isohedefpazar.jpg 1385w, https:\/\/www.een-istanbul.org\/wp-content\/uploads\/2024\/06\/isohedefpazar-300x139.jpg 300w, https:\/\/www.een-istanbul.org\/wp-content\/uploads\/2024\/06\/isohedefpazar-1024x473.jpg 1024w, https:\/\/www.een-istanbul.org\/wp-content\/uploads\/2024\/06\/isohedefpazar-768x355.jpg 768w, https:\/\/www.een-istanbul.org\/wp-content\/uploads\/2024\/06\/isohedefpazar-18x8.jpg 18w\" sizes=\"(max-width: 1385px) 100vw, 1385px\" \/><\/p><p>Target Market Research Consultancy was established to cater to the needs of companies looking to expand their export operations or enhance their current exports. Through our services of \"Target Market Identification\" and \"Customer Intelligence\", we empower businesses to bolster their presence in existing markets while facilitating their entry into new ones.<\/p><p><strong><u>Why choose us?<\/u><\/strong><\/p><p>As an initiative of the Istanbul Chamber of Industry, we offer specialised technical support to companies aiming to penetrate target countries and reach potential customers effectively.<\/p><p><strong><u>What we provide?<\/u><\/strong><\/p><ul><li><p>Utilising the extensive ITC TradeMap database, we meticulously analyse the HS Codes (Harmonized System Codes) of your company's products alongside import and export data. This comprehensive assessment enables us to pinpoint potential markets, conduct competitor analyses, and deliver insightful reports to your company.<\/p><\/li><li><p>Our reports encompass crucial details such as customs tax rates applicable to your products and average unit prices in respective markets.<\/p><\/li><li><p>We compile lists of potential customers including importers, wholesalers, distributors, and manufacturers in your specified target countries, sourced from reliable data outlets, and share these valuable resources with your company.<\/p><\/li><\/ul><p><strong><u>Our objectives:<\/u><\/strong><\/p><ul><li><p>Empower our clients to attain competitive positions in foreign markets.<\/p><\/li><li><p>Enable exporters to make timely and accurate decisions within the dynamic structure of global trade.<\/p><\/li><li><p>Facilitate the identification of optimal markets for our clients' products, leveraging diverse data banks to analyse market competitiveness and gather intelligence on competitors and potential customers.<\/p><\/li><\/ul><p class=\"translation-block\">For further information, application procedures, and access to sample reports, please <a href=\"https:\/\/www.iso.org.tr\/hedef-pazar-arastirmasi\/\" target=\"_self\">visit<\/a> our website.<\/p><\/div>\n\t\t\t\t<\/div>\n\t\t\t\t\t\t\t<div class=\"elementor-accordion-item\">\n\t\t\t\t\t<div id=\"elementor-tab-title-6312\" class=\"elementor-tab-title\" data-tab=\"2\" role=\"button\" aria-controls=\"elementor-tab-content-6312\" aria-expanded=\"false\">\n\t\t\t\t\t\t\t\t\t\t\t\t\t<span class=\"elementor-accordion-icon elementor-accordion-icon-left\" aria-hidden=\"true\">\n\t\t\t\t\t\t\t\t\t\t\t\t\t\t\t<span class=\"elementor-accordion-icon-closed\"><svg class=\"e-font-icon-svg e-fas-plus\" viewbox=\"0 0 448 512\" xmlns=\"http:\/\/www.w3.org\/2000\/svg\"><path d=\"M416 208H272V64c0-17.67-14.33-32-32-32h-32c-17.67 0-32 14.33-32 32v144H32c-17.67 0-32 14.33-32 32v32c0 17.67 14.33 32 32 32h144v144c0 17.67 14.33 32 32 32h32c17.67 0 32-14.33 32-32V304h144c17.67 0 32-14.33 32-32v-32c0-17.67-14.33-32-32-32z\"><\/path><\/svg><\/span>\n\t\t\t\t\t\t\t\t<span class=\"elementor-accordion-icon-opened\"><svg class=\"e-font-icon-svg e-fas-minus\" viewbox=\"0 0 448 512\" xmlns=\"http:\/\/www.w3.org\/2000\/svg\"><path d=\"M416 208H32c-17.67 0-32 14.33-32 32v32c0 17.67 14.33 32 32 32h384c17.67 0 32-14.33 32-32v-32c0-17.67-14.33-32-32-32z\"><\/path><\/svg><\/span>\n\t\t\t\t\t\t\t\t\t\t\t\t\t\t<\/span>\n\t\t\t\t\t\t\t\t\t\t\t\t<a class=\"elementor-accordion-title\" tabindex=\"0\">ISO E-Accelerator<\/a>\n\t\t\t\t\t<\/div>\n\t\t\t\t\t<div id=\"elementor-tab-content-6312\" class=\"elementor-tab-content elementor-clearfix\" data-tab=\"2\" role=\"region\" aria-labelledby=\"elementor-tab-title-6312\"><p>We are aiming to help companies reach their target buyers swiftly through innovative tools and alternative sales channels offered by the digital world, and to enhance their B2B and B2C digital export capacities with the accurate strategies, through its implemented E-Accelerator program. Launched in June 2023, the program consisted of four phases where companies are visited on-site; provided with training on digital marketing, e-export, sales and digital technologies; their digital marketing practices and current situations are analysed; and sector-specific buyer intelligence is provided at the end of the program.<\/p><p class=\"translation-block\">Please <a href=\"https:\/\/forms.office.com\/pages\/responsepage.aspx?id=Y-cXcK1i8keSknav99OyS4D4V1fQMldIo1Z1tVglu91UMTRLV1Q1VDVBQ0VKUTkxTDQ0NjZZWlVWMC4u\" target=\"_self\">click<\/a> for application.<\/p><\/div>\n\t\t\t\t<\/div>\n\t\t\t\t\t\t\t\t<\/div>\n\t\t\t\t\t\t<\/div>\n\t\t\t\t<\/div>\n\t\t\t\t\t<\/div>\n\t\t\t\t<\/div>\n\t\t\t\t<\/div>","protected":false},"excerpt":{"rendered":"<p>Uluslararas\u0131la\u015fma Uluslararas\u0131 pazarlarda rekabet avantaj\u0131 elde etmek ve s\u00fcrd\u00fcr\u00fclebilir b\u00fcy\u00fcme hedeflerinize ula\u015fmak i\u00e7in do\u011fru stratejilerin belirlenmesi kritik bir \u00f6neme sahiptir. \u0130\u015fletmelerinizin uluslararas\u0131la\u015fma s\u00fcrecinde sizlere yard\u0131mc\u0131 olabilmek amac\u0131yla, Avrupa \u0130\u015fletme A\u011f\u0131 [&hellip;]<\/p>","protected":false},"author":1,"featured_media":269,"parent":0,"menu_order":0,"comment_status":"closed","ping_status":"closed","template":"","meta":{"_acf_changed":false,"footnotes":""},"class_list":["post-477","page","type-page","status-publish","has-post-thumbnail","hentry"],"yoast_head":"<!-- This site is optimized with the Yoast SEO plugin v24.6 - https:\/\/yoast.com\/wordpress\/plugins\/seo\/ -->\n<title>Uluslararas\u0131la\u015fma - AIA - Avrupa \u0130\u015fletmeleri A\u011f\u0131<\/title>\n<meta name=\"robots\" content=\"index, follow, max-snippet:-1, max-image-preview:large, max-video-preview:-1\" \/>\n<link rel=\"canonical\" href=\"https:\/\/www.een-istanbul.org\/en\/internationalization\/\" \/>\n<meta property=\"og:locale\" content=\"en_US\" \/>\n<meta property=\"og:type\" content=\"article\" \/>\n<meta property=\"og:title\" content=\"Uluslararas\u0131la\u015fma - AIA - Avrupa \u0130\u015fletmeleri A\u011f\u0131\" \/>\n<meta property=\"og:description\" content=\"Uluslararas\u0131la\u015fma Uluslararas\u0131 pazarlarda rekabet avantaj\u0131 elde etmek ve s\u00fcrd\u00fcr\u00fclebilir b\u00fcy\u00fcme hedeflerinize ula\u015fmak i\u00e7in do\u011fru stratejilerin belirlenmesi kritik bir \u00f6neme sahiptir. \u0130\u015fletmelerinizin uluslararas\u0131la\u015fma s\u00fcrecinde sizlere yard\u0131mc\u0131 olabilmek amac\u0131yla, Avrupa \u0130\u015fletme A\u011f\u0131 [&hellip;]\" \/>\n<meta property=\"og:url\" content=\"https:\/\/www.een-istanbul.org\/en\/internationalization\/\" \/>\n<meta property=\"og:site_name\" content=\"AIA - Avrupa \u0130\u015fletmeleri A\u011f\u0131\" \/>\n<meta property=\"article:modified_time\" content=\"2024-07-30T11:55:29+00:00\" \/>\n<meta property=\"og:image\" content=\"https:\/\/www.een-istanbul.org\/wp-content\/uploads\/2024\/05\/international-scaled.jpeg\" \/>\n\t<meta property=\"og:image:width\" content=\"2560\" \/>\n\t<meta property=\"og:image:height\" content=\"1838\" \/>\n\t<meta property=\"og:image:type\" content=\"image\/jpeg\" \/>\n<meta name=\"twitter:card\" content=\"summary_large_image\" \/>\n<meta name=\"twitter:label1\" content=\"Est. reading time\" \/>\n\t<meta name=\"twitter:data1\" content=\"4 minutes\" \/>\n<script type=\"application\/ld+json\" class=\"yoast-schema-graph\">{\"@context\":\"https:\/\/schema.org\",\"@graph\":[{\"@type\":\"WebPage\",\"@id\":\"https:\/\/www.een-istanbul.org\/uluslararasilasma\/\",\"url\":\"https:\/\/www.een-istanbul.org\/uluslararasilasma\/\",\"name\":\"Uluslararas\u0131la\u015fma - AIA - Avrupa \u0130\u015fletmeleri A\u011f\u0131\",\"isPartOf\":{\"@id\":\"https:\/\/www.een-istanbul.org\/#website\"},\"primaryImageOfPage\":{\"@id\":\"https:\/\/www.een-istanbul.org\/uluslararasilasma\/#primaryimage\"},\"image\":{\"@id\":\"https:\/\/www.een-istanbul.org\/uluslararasilasma\/#primaryimage\"},\"thumbnailUrl\":\"https:\/\/www.een-istanbul.org\/wp-content\/uploads\/2024\/05\/international-scaled.jpeg\",\"datePublished\":\"2024-06-03T12:14:57+00:00\",\"dateModified\":\"2024-07-30T11:55:29+00:00\",\"breadcrumb\":{\"@id\":\"https:\/\/www.een-istanbul.org\/uluslararasilasma\/#breadcrumb\"},\"inLanguage\":\"en-US\",\"potentialAction\":[{\"@type\":\"ReadAction\",\"target\":[\"https:\/\/www.een-istanbul.org\/uluslararasilasma\/\"]}]},{\"@type\":\"ImageObject\",\"inLanguage\":\"en-US\",\"@id\":\"https:\/\/www.een-istanbul.org\/uluslararasilasma\/#primaryimage\",\"url\":\"https:\/\/www.een-istanbul.org\/wp-content\/uploads\/2024\/05\/international-scaled.jpeg\",\"contentUrl\":\"https:\/\/www.een-istanbul.org\/wp-content\/uploads\/2024\/05\/international-scaled.jpeg\",\"width\":2560,\"height\":1838,\"caption\":\"international\"},{\"@type\":\"BreadcrumbList\",\"@id\":\"https:\/\/www.een-istanbul.org\/uluslararasilasma\/#breadcrumb\",\"itemListElement\":[{\"@type\":\"ListItem\",\"position\":1,\"name\":\"Home\",\"item\":\"https:\/\/www.een-istanbul.org\/\"},{\"@type\":\"ListItem\",\"position\":2,\"name\":\"Uluslararas\u0131la\u015fma\"}]},{\"@type\":\"WebSite\",\"@id\":\"https:\/\/www.een-istanbul.org\/#website\",\"url\":\"https:\/\/www.een-istanbul.org\/\",\"name\":\"AIA - Avrupa \u0130\u015fletmeleri A\u011f\u0131\",\"description\":\"\",\"publisher\":{\"@id\":\"https:\/\/www.een-istanbul.org\/#organization\"},\"potentialAction\":[{\"@type\":\"SearchAction\",\"target\":{\"@type\":\"EntryPoint\",\"urlTemplate\":\"https:\/\/www.een-istanbul.org\/?s={search_term_string}\"},\"query-input\":{\"@type\":\"PropertyValueSpecification\",\"valueRequired\":true,\"valueName\":\"search_term_string\"}}],\"inLanguage\":\"en-US\"},{\"@type\":\"Organization\",\"@id\":\"https:\/\/www.een-istanbul.org\/#organization\",\"name\":\"AIA - Avrupa \u0130\u015fletmeleri A\u011f\u0131\",\"url\":\"https:\/\/www.een-istanbul.org\/\",\"logo\":{\"@type\":\"ImageObject\",\"inLanguage\":\"en-US\",\"@id\":\"https:\/\/www.een-istanbul.org\/#\/schema\/logo\/image\/\",\"url\":\"https:\/\/www.een-istanbul.org\/wp-content\/uploads\/2024\/05\/EEN_logo_RGB_HORIZ_negative-header_0.png\",\"contentUrl\":\"https:\/\/www.een-istanbul.org\/wp-content\/uploads\/2024\/05\/EEN_logo_RGB_HORIZ_negative-header_0.png\",\"width\":190,\"height\":72,\"caption\":\"AIA - Avrupa \u0130\u015fletmeleri A\u011f\u0131\"},\"image\":{\"@id\":\"https:\/\/www.een-istanbul.org\/#\/schema\/logo\/image\/\"}}]}<\/script>\n<!-- \/ Yoast SEO plugin. -->","yoast_head_json":{"title":"Uluslararas\u0131la\u015fma - AIA - Avrupa \u0130\u015fletmeleri A\u011f\u0131","robots":{"index":"index","follow":"follow","max-snippet":"max-snippet:-1","max-image-preview":"max-image-preview:large","max-video-preview":"max-video-preview:-1"},"canonical":"https:\/\/www.een-istanbul.org\/en\/internationalization\/","og_locale":"en_US","og_type":"article","og_title":"Uluslararas\u0131la\u015fma - AIA - Avrupa \u0130\u015fletmeleri A\u011f\u0131","og_description":"Uluslararas\u0131la\u015fma Uluslararas\u0131 pazarlarda rekabet avantaj\u0131 elde etmek ve s\u00fcrd\u00fcr\u00fclebilir b\u00fcy\u00fcme hedeflerinize ula\u015fmak i\u00e7in do\u011fru stratejilerin belirlenmesi kritik bir \u00f6neme sahiptir. \u0130\u015fletmelerinizin uluslararas\u0131la\u015fma s\u00fcrecinde sizlere yard\u0131mc\u0131 olabilmek amac\u0131yla, Avrupa \u0130\u015fletme A\u011f\u0131 [&hellip;]","og_url":"https:\/\/www.een-istanbul.org\/en\/internationalization\/","og_site_name":"AIA - Avrupa \u0130\u015fletmeleri A\u011f\u0131","article_modified_time":"2024-07-30T11:55:29+00:00","og_image":[{"width":2560,"height":1838,"url":"https:\/\/www.een-istanbul.org\/wp-content\/uploads\/2024\/05\/international-scaled.jpeg","type":"image\/jpeg"}],"twitter_card":"summary_large_image","twitter_misc":{"Est. reading time":"4 minutes"},"schema":{"@context":"https:\/\/schema.org","@graph":[{"@type":"WebPage","@id":"https:\/\/www.een-istanbul.org\/uluslararasilasma\/","url":"https:\/\/www.een-istanbul.org\/uluslararasilasma\/","name":"Uluslararas\u0131la\u015fma - AIA - Avrupa \u0130\u015fletmeleri A\u011f\u0131","isPartOf":{"@id":"https:\/\/www.een-istanbul.org\/#website"},"primaryImageOfPage":{"@id":"https:\/\/www.een-istanbul.org\/uluslararasilasma\/#primaryimage"},"image":{"@id":"https:\/\/www.een-istanbul.org\/uluslararasilasma\/#primaryimage"},"thumbnailUrl":"https:\/\/www.een-istanbul.org\/wp-content\/uploads\/2024\/05\/international-scaled.jpeg","datePublished":"2024-06-03T12:14:57+00:00","dateModified":"2024-07-30T11:55:29+00:00","breadcrumb":{"@id":"https:\/\/www.een-istanbul.org\/uluslararasilasma\/#breadcrumb"},"inLanguage":"en-US","potentialAction":[{"@type":"ReadAction","target":["https:\/\/www.een-istanbul.org\/uluslararasilasma\/"]}]},{"@type":"ImageObject","inLanguage":"en-US","@id":"https:\/\/www.een-istanbul.org\/uluslararasilasma\/#primaryimage","url":"https:\/\/www.een-istanbul.org\/wp-content\/uploads\/2024\/05\/international-scaled.jpeg","contentUrl":"https:\/\/www.een-istanbul.org\/wp-content\/uploads\/2024\/05\/international-scaled.jpeg","width":2560,"height":1838,"caption":"international"},{"@type":"BreadcrumbList","@id":"https:\/\/www.een-istanbul.org\/uluslararasilasma\/#breadcrumb","itemListElement":[{"@type":"ListItem","position":1,"name":"Home","item":"https:\/\/www.een-istanbul.org\/"},{"@type":"ListItem","position":2,"name":"Uluslararas\u0131la\u015fma"}]},{"@type":"WebSite","@id":"https:\/\/www.een-istanbul.org\/#website","url":"https:\/\/www.een-istanbul.org\/","name":"AIA - Avrupa \u0130\u015fletmeleri A\u011f\u0131","description":"","publisher":{"@id":"https:\/\/www.een-istanbul.org\/#organization"},"potentialAction":[{"@type":"SearchAction","target":{"@type":"EntryPoint","urlTemplate":"https:\/\/www.een-istanbul.org\/?s={search_term_string}"},"query-input":{"@type":"PropertyValueSpecification","valueRequired":true,"valueName":"search_term_string"}}],"inLanguage":"en-US"},{"@type":"Organization","@id":"https:\/\/www.een-istanbul.org\/#organization","name":"AIA - Avrupa \u0130\u015fletmeleri A\u011f\u0131","url":"https:\/\/www.een-istanbul.org\/","logo":{"@type":"ImageObject","inLanguage":"en-US","@id":"https:\/\/www.een-istanbul.org\/#\/schema\/logo\/image\/","url":"https:\/\/www.een-istanbul.org\/wp-content\/uploads\/2024\/05\/EEN_logo_RGB_HORIZ_negative-header_0.png","contentUrl":"https:\/\/www.een-istanbul.org\/wp-content\/uploads\/2024\/05\/EEN_logo_RGB_HORIZ_negative-header_0.png","width":190,"height":72,"caption":"AIA - Avrupa \u0130\u015fletmeleri A\u011f\u0131"},"image":{"@id":"https:\/\/www.een-istanbul.org\/#\/schema\/logo\/image\/"}}]}},"acf":[],"_links":{"self":[{"href":"https:\/\/www.een-istanbul.org\/en\/wp-json\/wp\/v2\/pages\/477","targetHints":{"allow":["GET"]}}],"collection":[{"href":"https:\/\/www.een-istanbul.org\/en\/wp-json\/wp\/v2\/pages"}],"about":[{"href":"https:\/\/www.een-istanbul.org\/en\/wp-json\/wp\/v2\/types\/page"}],"author":[{"embeddable":true,"href":"https:\/\/www.een-istanbul.org\/en\/wp-json\/wp\/v2\/users\/1"}],"replies":[{"embeddable":true,"href":"https:\/\/www.een-istanbul.org\/en\/wp-json\/wp\/v2\/comments?post=477"}],"version-history":[{"count":47,"href":"https:\/\/www.een-istanbul.org\/en\/wp-json\/wp\/v2\/pages\/477\/revisions"}],"predecessor-version":[{"id":1269,"href":"https:\/\/www.een-istanbul.org\/en\/wp-json\/wp\/v2\/pages\/477\/revisions\/1269"}],"wp:featuredmedia":[{"embeddable":true,"href":"https:\/\/www.een-istanbul.org\/en\/wp-json\/wp\/v2\/media\/269"}],"wp:attachment":[{"href":"https:\/\/www.een-istanbul.org\/en\/wp-json\/wp\/v2\/media?parent=477"}],"curies":[{"name":"wp","href":"https:\/\/api.w.org\/{rel}","templated":true}]}}