{"id":507,"date":"2024-06-03T15:35:13","date_gmt":"2024-06-03T12:35:13","guid":{"rendered":"https:\/\/www.een-istanbul.org\/?page_id=507"},"modified":"2024-10-16T14:29:01","modified_gmt":"2024-10-16T11:29:01","slug":"dijitallesme","status":"publish","type":"page","link":"https:\/\/www.een-istanbul.org\/en\/digitalization\/","title":{"rendered":"Digitalisation"},"content":{"rendered":"<div data-elementor-type=\"wp-page\" data-elementor-id=\"507\" class=\"elementor elementor-507\" data-elementor-post-type=\"page\">\n\t\t\t\t<div class=\"elementor-element elementor-element-71f45494 service-header e-flex e-con-boxed e-con e-parent\" data-id=\"71f45494\" data-element_type=\"container\" data-settings=\"{&quot;background_background&quot;:&quot;classic&quot;}\">\n\t\t\t\t\t<div class=\"e-con-inner\">\n\t\t<div class=\"elementor-element elementor-element-43f70ce5 service-header-title e-flex e-con-boxed e-con e-child\" data-id=\"43f70ce5\" data-element_type=\"container\">\n\t\t\t\t\t<div class=\"e-con-inner\">\n\t\t\t\t<div class=\"elementor-element elementor-element-125fd6ee elementor-widget elementor-widget-heading\" data-id=\"125fd6ee\" data-element_type=\"widget\" data-widget_type=\"heading.default\">\n\t\t\t\t<div class=\"elementor-widget-container\">\n\t\t\t\t\t<h1 class=\"elementor-heading-title elementor-size-default\">Digitalisation<\/h1>\t\t\t\t<\/div>\n\t\t\t\t<\/div>\n\t\t\t\t\t<\/div>\n\t\t\t\t<\/div>\n\t\t\t\t\t<\/div>\n\t\t\t\t<\/div>\n\t\t<div class=\"elementor-element elementor-element-f515e1c e-flex e-con-boxed e-con e-parent\" data-id=\"f515e1c\" data-element_type=\"container\">\n\t\t\t\t\t<div class=\"e-con-inner\">\n\t\t\t\t<div class=\"elementor-element elementor-element-151315b elementor-widget elementor-widget-text-editor\" data-id=\"151315b\" data-element_type=\"widget\" data-widget_type=\"text-editor.default\">\n\t\t\t\t<div class=\"elementor-widget-container\">\n\t\t\t\t\t\t\t\t\t<p>During a period in which all production dynamics worldwide are being reshaped by smart manufacturing and digital transformation technologies, we assist businesses in enhancing their innovation and digital transformation capabilities to digitize their products, services, and solutions.<\/p><p>We contribute to the understanding of the importance of digital transformation for industrial firms and support them in taking necessary steps, thus conducting digitalization efforts to increase businesses' competitiveness and add more value to the national economy.<\/p><p>With a program designed to help businesses take the right steps in their digital transformation journey and strengthen their business models with innovative digital technologies, we identify digital transformation strategies and propose new value propositions through a specially tailored gradual process for businesses. The program includes:<\/p><ul><li><p class=\"translation-block\"><u><b>Introductory Meeting<\/b><\/u><b>:<\/b> Providing information about the program and facilitating knowledge exchange on participants' digital transformation infrastructure, capacity, and activities.<\/p><\/li><li><p class=\"translation-block\"><u><b>Digital Transformation Training:<\/b><\/u> Covering topics such as the importance, effects, strategies, and impact of digital transformation on business models, with practical exercises on the Business Model Canvas.<\/p><\/li><li><p class=\"translation-block\"><u><b>Business Model Canvas Training:<\/b><\/u> Teaching the fundamentals and applications of the Business Model Canvas, with analysis based on exemplary cases.<\/p><\/li><li><p class=\"translation-block\"><u><b>Customized Existing Business Model Analysis and New Value Proposition Development:<\/b><\/u> Analyzing participants' existing business models, identifying necessary competencies for digital transformation, and developing new value propositions.<\/p><\/li><li><p class=\"translation-block\"><u><b>Reporting:<\/b><\/u> Preparing and presenting individual reports for each company, including current business model analysis, business model evaluation, digital transformation potentials, and new product\/service concepts.<\/p><\/li><\/ul>\t\t\t\t\t\t\t\t<\/div>\n\t\t\t\t<\/div>\n\t\t\t\t<div class=\"elementor-element elementor-element-78796cd elementor-widget elementor-widget-html\" data-id=\"78796cd\" data-element_type=\"widget\" data-widget_type=\"html.default\">\n\t\t\t\t<div class=\"elementor-widget-container\">\n\t\t\t\t\t<script> \r\njQuery(window).on('load', function() {\r\n    jQuery('.elementor-accordion .elementor-tab-title').removeClass('elementor-active');\r\n    jQuery('.elementor-accordion .elementor-tab-content').css('display', 'none');\r\n});\r\n\r\n<\/script>\t\t\t\t<\/div>\n\t\t\t\t<\/div>\n\t\t\t\t<div class=\"elementor-element elementor-element-7b2633b elementor-widget elementor-widget-accordion\" data-id=\"7b2633b\" data-element_type=\"widget\" data-widget_type=\"accordion.default\">\n\t\t\t\t<div class=\"elementor-widget-container\">\n\t\t\t\t\t\t\t<div class=\"elementor-accordion\">\n\t\t\t\t\t\t\t<div class=\"elementor-accordion-item\">\n\t\t\t\t\t<div id=\"elementor-tab-title-1291\" class=\"elementor-tab-title\" data-tab=\"1\" role=\"button\" aria-controls=\"elementor-tab-content-1291\" aria-expanded=\"false\">\n\t\t\t\t\t\t\t\t\t\t\t\t\t<span class=\"elementor-accordion-icon elementor-accordion-icon-left\" aria-hidden=\"true\">\n\t\t\t\t\t\t\t\t\t\t\t\t\t\t\t<span class=\"elementor-accordion-icon-closed\"><svg class=\"e-font-icon-svg e-fas-plus\" viewbox=\"0 0 448 512\" xmlns=\"http:\/\/www.w3.org\/2000\/svg\"><path d=\"M416 208H272V64c0-17.67-14.33-32-32-32h-32c-17.67 0-32 14.33-32 32v144H32c-17.67 0-32 14.33-32 32v32c0 17.67 14.33 32 32 32h144v144c0 17.67 14.33 32 32 32h32c17.67 0 32-14.33 32-32V304h144c17.67 0 32-14.33 32-32v-32c0-17.67-14.33-32-32-32z\"><\/path><\/svg><\/span>\n\t\t\t\t\t\t\t\t<span class=\"elementor-accordion-icon-opened\"><svg class=\"e-font-icon-svg e-fas-minus\" viewbox=\"0 0 448 512\" xmlns=\"http:\/\/www.w3.org\/2000\/svg\"><path d=\"M416 208H32c-17.67 0-32 14.33-32 32v32c0 17.67 14.33 32 32 32h384c17.67 0 32-14.33 32-32v-32c0-17.67-14.33-32-32-32z\"><\/path><\/svg><\/span>\n\t\t\t\t\t\t\t\t\t\t\t\t\t\t<\/span>\n\t\t\t\t\t\t\t\t\t\t\t\t<a class=\"elementor-accordion-title\" tabindex=\"0\">Digital Transformation Roadmap Consultancy<\/a>\n\t\t\t\t\t<\/div>\n\t\t\t\t\t<div id=\"elementor-tab-content-1291\" class=\"elementor-tab-content elementor-clearfix\" data-tab=\"1\" role=\"region\" aria-labelledby=\"elementor-tab-title-1291\"><p>As part of the European Enterprise Network project, we conduct \"Digital Transformation Roadmap Consultancy\" to assist businesses in enhancing their innovation and digital transformation capabilities and digitizing their products, services, and solutions.<\/p><\/div>\n\t\t\t\t<\/div>\n\t\t\t\t\t\t\t<div class=\"elementor-accordion-item\">\n\t\t\t\t\t<div id=\"elementor-tab-title-1292\" class=\"elementor-tab-title\" data-tab=\"2\" role=\"button\" aria-controls=\"elementor-tab-content-1292\" aria-expanded=\"false\">\n\t\t\t\t\t\t\t\t\t\t\t\t\t<span class=\"elementor-accordion-icon elementor-accordion-icon-left\" aria-hidden=\"true\">\n\t\t\t\t\t\t\t\t\t\t\t\t\t\t\t<span class=\"elementor-accordion-icon-closed\"><svg class=\"e-font-icon-svg e-fas-plus\" viewbox=\"0 0 448 512\" xmlns=\"http:\/\/www.w3.org\/2000\/svg\"><path d=\"M416 208H272V64c0-17.67-14.33-32-32-32h-32c-17.67 0-32 14.33-32 32v144H32c-17.67 0-32 14.33-32 32v32c0 17.67 14.33 32 32 32h144v144c0 17.67 14.33 32 32 32h32c17.67 0 32-14.33 32-32V304h144c17.67 0 32-14.33 32-32v-32c0-17.67-14.33-32-32-32z\"><\/path><\/svg><\/span>\n\t\t\t\t\t\t\t\t<span class=\"elementor-accordion-icon-opened\"><svg class=\"e-font-icon-svg e-fas-minus\" viewbox=\"0 0 448 512\" xmlns=\"http:\/\/www.w3.org\/2000\/svg\"><path d=\"M416 208H32c-17.67 0-32 14.33-32 32v32c0 17.67 14.33 32 32 32h384c17.67 0 32-14.33 32-32v-32c0-17.67-14.33-32-32-32z\"><\/path><\/svg><\/span>\n\t\t\t\t\t\t\t\t\t\t\t\t\t\t<\/span>\n\t\t\t\t\t\t\t\t\t\t\t\t<a class=\"elementor-accordion-title\" tabindex=\"0\">ISO Digital Self-Assessment Survey<\/a>\n\t\t\t\t\t<\/div>\n\t\t\t\t\t<div id=\"elementor-tab-content-1292\" class=\"elementor-tab-content elementor-clearfix\" data-tab=\"2\" role=\"region\" aria-labelledby=\"elementor-tab-title-1292\"><p>In the implementation of digital transformation projects, conducting a current situation analysis and assessing the digital maturity level are crucial for success. Developed by the ISO Digital Transformation Office, our simplified Digital Maturity Analysis consists of scalable criteria tailored to different sectors and company profiles. The online portal enables monitoring of digital progress.<\/p><p class=\"translation-block\">Please <a href=\"https:\/\/www.isodijital.com\/dijital-olgunluk-ozdegerlendirme.html\" target=\"_self\">click<\/a> for application.<\/p><\/div>\n\t\t\t\t<\/div>\n\t\t\t\t\t\t\t<div class=\"elementor-accordion-item\">\n\t\t\t\t\t<div id=\"elementor-tab-title-1293\" class=\"elementor-tab-title\" data-tab=\"3\" role=\"button\" aria-controls=\"elementor-tab-content-1293\" aria-expanded=\"false\">\n\t\t\t\t\t\t\t\t\t\t\t\t\t<span class=\"elementor-accordion-icon elementor-accordion-icon-left\" aria-hidden=\"true\">\n\t\t\t\t\t\t\t\t\t\t\t\t\t\t\t<span class=\"elementor-accordion-icon-closed\"><svg class=\"e-font-icon-svg e-fas-plus\" viewbox=\"0 0 448 512\" xmlns=\"http:\/\/www.w3.org\/2000\/svg\"><path d=\"M416 208H272V64c0-17.67-14.33-32-32-32h-32c-17.67 0-32 14.33-32 32v144H32c-17.67 0-32 14.33-32 32v32c0 17.67 14.33 32 32 32h144v144c0 17.67 14.33 32 32 32h32c17.67 0 32-14.33 32-32V304h144c17.67 0 32-14.33 32-32v-32c0-17.67-14.33-32-32-32z\"><\/path><\/svg><\/span>\n\t\t\t\t\t\t\t\t<span class=\"elementor-accordion-icon-opened\"><svg class=\"e-font-icon-svg e-fas-minus\" viewbox=\"0 0 448 512\" xmlns=\"http:\/\/www.w3.org\/2000\/svg\"><path d=\"M416 208H32c-17.67 0-32 14.33-32 32v32c0 17.67 14.33 32 32 32h384c17.67 0 32-14.33 32-32v-32c0-17.67-14.33-32-32-32z\"><\/path><\/svg><\/span>\n\t\t\t\t\t\t\t\t\t\t\t\t\t\t<\/span>\n\t\t\t\t\t\t\t\t\t\t\t\t<a class=\"elementor-accordion-title\" tabindex=\"0\">Leadership Development Programme for Digital Transformation<\/a>\n\t\t\t\t\t<\/div>\n\t\t\t\t\t<div id=\"elementor-tab-content-1293\" class=\"elementor-tab-content elementor-clearfix\" data-tab=\"3\" role=\"region\" aria-labelledby=\"elementor-tab-title-1293\"><p>This programme is designed by KOSGEB \u0130MES M\u00fcd\u00fcrl\u00fc\u011f\u00fc for companies that have already undergone digital transformation consultancy and have developed a roadmap for digital transformation evaluation analysis. The primary objective of this programme is to provide a comprehensive understanding of the latest technologies, digital business models, digital platforms and ecosystems and how they can be integrated into various fields of business. The programme also aims to offer practical examples of digital transformation and its application across different sectors. Its purpose is to assist companies in learning about Industry 4.0 solutions and to create a roadmap that will help them prepare themselves, their jobs, and their teams for digital transformation as a manager or employee. Additionally, participants learn about the governance mechanism for implementing digital projects.\nCompanies that complete the training programme receive one-to-one guidance on national incentives that can benefit their businesses during the digital transformation phase.<\/p><\/div>\n\t\t\t\t<\/div>\n\t\t\t\t\t\t\t\t<\/div>\n\t\t\t\t\t\t<\/div>\n\t\t\t\t<\/div>\n\t\t\t\t\t<\/div>\n\t\t\t\t<\/div>\n\t\t\t\t<\/div>","protected":false},"excerpt":{"rendered":"<p>Dijitalle\u015fme Ak\u0131ll\u0131 \u00fcretim ve dijital d\u00f6n\u00fc\u015f\u00fcm teknolojileri ile d\u00fcnyada t\u00fcm \u00fcretim dinamiklerinin yeniden \u015fekillendi\u011fi bir d\u00f6nemde, i\u015fletmelerin inovasyon ve dijital d\u00f6n\u00fc\u015f\u00fcm kapasitelerine katk\u0131 sa\u011flayarak, \u00fcr\u00fcn, hizmet ve \u00e7\u00f6z\u00fcmlerini dijitalle\u015ftirmelerine yard\u0131mc\u0131 [&hellip;]<\/p>","protected":false},"author":1,"featured_media":355,"parent":0,"menu_order":0,"comment_status":"closed","ping_status":"closed","template":"","meta":{"_acf_changed":false,"footnotes":""},"class_list":["post-507","page","type-page","status-publish","has-post-thumbnail","hentry"],"yoast_head":"<!-- This site is optimized with the Yoast SEO plugin v24.6 - https:\/\/yoast.com\/wordpress\/plugins\/seo\/ -->\n<title>Dijitalle\u015fme - AIA - Avrupa \u0130\u015fletmeleri A\u011f\u0131<\/title>\n<meta name=\"robots\" content=\"index, follow, max-snippet:-1, max-image-preview:large, max-video-preview:-1\" \/>\n<link rel=\"canonical\" href=\"https:\/\/www.een-istanbul.org\/en\/digitalization\/\" \/>\n<meta property=\"og:locale\" content=\"en_US\" \/>\n<meta property=\"og:type\" content=\"article\" \/>\n<meta property=\"og:title\" content=\"Dijitalle\u015fme - AIA - Avrupa \u0130\u015fletmeleri A\u011f\u0131\" \/>\n<meta property=\"og:description\" content=\"Dijitalle\u015fme Ak\u0131ll\u0131 \u00fcretim ve dijital d\u00f6n\u00fc\u015f\u00fcm teknolojileri ile d\u00fcnyada t\u00fcm \u00fcretim dinamiklerinin yeniden \u015fekillendi\u011fi bir d\u00f6nemde, i\u015fletmelerin inovasyon ve dijital d\u00f6n\u00fc\u015f\u00fcm kapasitelerine katk\u0131 sa\u011flayarak, \u00fcr\u00fcn, hizmet ve \u00e7\u00f6z\u00fcmlerini dijitalle\u015ftirmelerine yard\u0131mc\u0131 [&hellip;]\" \/>\n<meta property=\"og:url\" content=\"https:\/\/www.een-istanbul.org\/en\/digitalization\/\" \/>\n<meta property=\"og:site_name\" content=\"AIA - Avrupa \u0130\u015fletmeleri A\u011f\u0131\" \/>\n<meta property=\"article:modified_time\" content=\"2024-10-16T11:29:01+00:00\" \/>\n<meta property=\"og:image\" content=\"https:\/\/www.een-istanbul.org\/wp-content\/uploads\/2024\/05\/digitalism2-scaled.jpeg\" \/>\n\t<meta property=\"og:image:width\" content=\"2560\" \/>\n\t<meta property=\"og:image:height\" content=\"1440\" \/>\n\t<meta property=\"og:image:type\" content=\"image\/jpeg\" \/>\n<meta name=\"twitter:card\" content=\"summary_large_image\" \/>\n<meta name=\"twitter:label1\" content=\"Est. reading time\" \/>\n\t<meta name=\"twitter:data1\" content=\"2 minutes\" \/>\n<script type=\"application\/ld+json\" class=\"yoast-schema-graph\">{\"@context\":\"https:\/\/schema.org\",\"@graph\":[{\"@type\":\"WebPage\",\"@id\":\"https:\/\/www.een-istanbul.org\/dijitallesme\/\",\"url\":\"https:\/\/www.een-istanbul.org\/dijitallesme\/\",\"name\":\"Dijitalle\u015fme - AIA - Avrupa \u0130\u015fletmeleri A\u011f\u0131\",\"isPartOf\":{\"@id\":\"https:\/\/www.een-istanbul.org\/#website\"},\"primaryImageOfPage\":{\"@id\":\"https:\/\/www.een-istanbul.org\/dijitallesme\/#primaryimage\"},\"image\":{\"@id\":\"https:\/\/www.een-istanbul.org\/dijitallesme\/#primaryimage\"},\"thumbnailUrl\":\"https:\/\/www.een-istanbul.org\/wp-content\/uploads\/2024\/05\/digitalism2-scaled.jpeg\",\"datePublished\":\"2024-06-03T12:35:13+00:00\",\"dateModified\":\"2024-10-16T11:29:01+00:00\",\"breadcrumb\":{\"@id\":\"https:\/\/www.een-istanbul.org\/dijitallesme\/#breadcrumb\"},\"inLanguage\":\"en-US\",\"potentialAction\":[{\"@type\":\"ReadAction\",\"target\":[\"https:\/\/www.een-istanbul.org\/dijitallesme\/\"]}]},{\"@type\":\"ImageObject\",\"inLanguage\":\"en-US\",\"@id\":\"https:\/\/www.een-istanbul.org\/dijitallesme\/#primaryimage\",\"url\":\"https:\/\/www.een-istanbul.org\/wp-content\/uploads\/2024\/05\/digitalism2-scaled.jpeg\",\"contentUrl\":\"https:\/\/www.een-istanbul.org\/wp-content\/uploads\/2024\/05\/digitalism2-scaled.jpeg\",\"width\":2560,\"height\":1440,\"caption\":\"digitalism2\"},{\"@type\":\"BreadcrumbList\",\"@id\":\"https:\/\/www.een-istanbul.org\/dijitallesme\/#breadcrumb\",\"itemListElement\":[{\"@type\":\"ListItem\",\"position\":1,\"name\":\"Home\",\"item\":\"https:\/\/www.een-istanbul.org\/\"},{\"@type\":\"ListItem\",\"position\":2,\"name\":\"Dijitalle\u015fme\"}]},{\"@type\":\"WebSite\",\"@id\":\"https:\/\/www.een-istanbul.org\/#website\",\"url\":\"https:\/\/www.een-istanbul.org\/\",\"name\":\"AIA - Avrupa \u0130\u015fletmeleri A\u011f\u0131\",\"description\":\"\",\"publisher\":{\"@id\":\"https:\/\/www.een-istanbul.org\/#organization\"},\"potentialAction\":[{\"@type\":\"SearchAction\",\"target\":{\"@type\":\"EntryPoint\",\"urlTemplate\":\"https:\/\/www.een-istanbul.org\/?s={search_term_string}\"},\"query-input\":{\"@type\":\"PropertyValueSpecification\",\"valueRequired\":true,\"valueName\":\"search_term_string\"}}],\"inLanguage\":\"en-US\"},{\"@type\":\"Organization\",\"@id\":\"https:\/\/www.een-istanbul.org\/#organization\",\"name\":\"AIA - Avrupa \u0130\u015fletmeleri A\u011f\u0131\",\"url\":\"https:\/\/www.een-istanbul.org\/\",\"logo\":{\"@type\":\"ImageObject\",\"inLanguage\":\"en-US\",\"@id\":\"https:\/\/www.een-istanbul.org\/#\/schema\/logo\/image\/\",\"url\":\"https:\/\/www.een-istanbul.org\/wp-content\/uploads\/2024\/05\/EEN_logo_RGB_HORIZ_negative-header_0.png\",\"contentUrl\":\"https:\/\/www.een-istanbul.org\/wp-content\/uploads\/2024\/05\/EEN_logo_RGB_HORIZ_negative-header_0.png\",\"width\":190,\"height\":72,\"caption\":\"AIA - Avrupa \u0130\u015fletmeleri A\u011f\u0131\"},\"image\":{\"@id\":\"https:\/\/www.een-istanbul.org\/#\/schema\/logo\/image\/\"}}]}<\/script>\n<!-- \/ Yoast SEO plugin. -->","yoast_head_json":{"title":"Dijitalle\u015fme - AIA - Avrupa \u0130\u015fletmeleri A\u011f\u0131","robots":{"index":"index","follow":"follow","max-snippet":"max-snippet:-1","max-image-preview":"max-image-preview:large","max-video-preview":"max-video-preview:-1"},"canonical":"https:\/\/www.een-istanbul.org\/en\/digitalization\/","og_locale":"en_US","og_type":"article","og_title":"Dijitalle\u015fme - AIA - Avrupa \u0130\u015fletmeleri A\u011f\u0131","og_description":"Dijitalle\u015fme Ak\u0131ll\u0131 \u00fcretim ve dijital d\u00f6n\u00fc\u015f\u00fcm teknolojileri ile d\u00fcnyada t\u00fcm \u00fcretim dinamiklerinin yeniden \u015fekillendi\u011fi bir d\u00f6nemde, i\u015fletmelerin inovasyon ve dijital d\u00f6n\u00fc\u015f\u00fcm kapasitelerine katk\u0131 sa\u011flayarak, \u00fcr\u00fcn, hizmet ve \u00e7\u00f6z\u00fcmlerini dijitalle\u015ftirmelerine yard\u0131mc\u0131 [&hellip;]","og_url":"https:\/\/www.een-istanbul.org\/en\/digitalization\/","og_site_name":"AIA - Avrupa \u0130\u015fletmeleri A\u011f\u0131","article_modified_time":"2024-10-16T11:29:01+00:00","og_image":[{"width":2560,"height":1440,"url":"https:\/\/www.een-istanbul.org\/wp-content\/uploads\/2024\/05\/digitalism2-scaled.jpeg","type":"image\/jpeg"}],"twitter_card":"summary_large_image","twitter_misc":{"Est. reading time":"2 minutes"},"schema":{"@context":"https:\/\/schema.org","@graph":[{"@type":"WebPage","@id":"https:\/\/www.een-istanbul.org\/dijitallesme\/","url":"https:\/\/www.een-istanbul.org\/dijitallesme\/","name":"Dijitalle\u015fme - AIA - Avrupa \u0130\u015fletmeleri A\u011f\u0131","isPartOf":{"@id":"https:\/\/www.een-istanbul.org\/#website"},"primaryImageOfPage":{"@id":"https:\/\/www.een-istanbul.org\/dijitallesme\/#primaryimage"},"image":{"@id":"https:\/\/www.een-istanbul.org\/dijitallesme\/#primaryimage"},"thumbnailUrl":"https:\/\/www.een-istanbul.org\/wp-content\/uploads\/2024\/05\/digitalism2-scaled.jpeg","datePublished":"2024-06-03T12:35:13+00:00","dateModified":"2024-10-16T11:29:01+00:00","breadcrumb":{"@id":"https:\/\/www.een-istanbul.org\/dijitallesme\/#breadcrumb"},"inLanguage":"en-US","potentialAction":[{"@type":"ReadAction","target":["https:\/\/www.een-istanbul.org\/dijitallesme\/"]}]},{"@type":"ImageObject","inLanguage":"en-US","@id":"https:\/\/www.een-istanbul.org\/dijitallesme\/#primaryimage","url":"https:\/\/www.een-istanbul.org\/wp-content\/uploads\/2024\/05\/digitalism2-scaled.jpeg","contentUrl":"https:\/\/www.een-istanbul.org\/wp-content\/uploads\/2024\/05\/digitalism2-scaled.jpeg","width":2560,"height":1440,"caption":"digitalism2"},{"@type":"BreadcrumbList","@id":"https:\/\/www.een-istanbul.org\/dijitallesme\/#breadcrumb","itemListElement":[{"@type":"ListItem","position":1,"name":"Home","item":"https:\/\/www.een-istanbul.org\/"},{"@type":"ListItem","position":2,"name":"Dijitalle\u015fme"}]},{"@type":"WebSite","@id":"https:\/\/www.een-istanbul.org\/#website","url":"https:\/\/www.een-istanbul.org\/","name":"AIA - Avrupa \u0130\u015fletmeleri A\u011f\u0131","description":"","publisher":{"@id":"https:\/\/www.een-istanbul.org\/#organization"},"potentialAction":[{"@type":"SearchAction","target":{"@type":"EntryPoint","urlTemplate":"https:\/\/www.een-istanbul.org\/?s={search_term_string}"},"query-input":{"@type":"PropertyValueSpecification","valueRequired":true,"valueName":"search_term_string"}}],"inLanguage":"en-US"},{"@type":"Organization","@id":"https:\/\/www.een-istanbul.org\/#organization","name":"AIA - Avrupa \u0130\u015fletmeleri A\u011f\u0131","url":"https:\/\/www.een-istanbul.org\/","logo":{"@type":"ImageObject","inLanguage":"en-US","@id":"https:\/\/www.een-istanbul.org\/#\/schema\/logo\/image\/","url":"https:\/\/www.een-istanbul.org\/wp-content\/uploads\/2024\/05\/EEN_logo_RGB_HORIZ_negative-header_0.png","contentUrl":"https:\/\/www.een-istanbul.org\/wp-content\/uploads\/2024\/05\/EEN_logo_RGB_HORIZ_negative-header_0.png","width":190,"height":72,"caption":"AIA - Avrupa \u0130\u015fletmeleri A\u011f\u0131"},"image":{"@id":"https:\/\/www.een-istanbul.org\/#\/schema\/logo\/image\/"}}]}},"acf":[],"_links":{"self":[{"href":"https:\/\/www.een-istanbul.org\/en\/wp-json\/wp\/v2\/pages\/507","targetHints":{"allow":["GET"]}}],"collection":[{"href":"https:\/\/www.een-istanbul.org\/en\/wp-json\/wp\/v2\/pages"}],"about":[{"href":"https:\/\/www.een-istanbul.org\/en\/wp-json\/wp\/v2\/types\/page"}],"author":[{"embeddable":true,"href":"https:\/\/www.een-istanbul.org\/en\/wp-json\/wp\/v2\/users\/1"}],"replies":[{"embeddable":true,"href":"https:\/\/www.een-istanbul.org\/en\/wp-json\/wp\/v2\/comments?post=507"}],"version-history":[{"count":31,"href":"https:\/\/www.een-istanbul.org\/en\/wp-json\/wp\/v2\/pages\/507\/revisions"}],"predecessor-version":[{"id":1341,"href":"https:\/\/www.een-istanbul.org\/en\/wp-json\/wp\/v2\/pages\/507\/revisions\/1341"}],"wp:featuredmedia":[{"embeddable":true,"href":"https:\/\/www.een-istanbul.org\/en\/wp-json\/wp\/v2\/media\/355"}],"wp:attachment":[{"href":"https:\/\/www.een-istanbul.org\/en\/wp-json\/wp\/v2\/media?parent=507"}],"curies":[{"name":"wp","href":"https:\/\/api.w.org\/{rel}","templated":true}]}}