{"id":516,"date":"2024-06-03T15:43:54","date_gmt":"2024-06-03T12:43:54","guid":{"rendered":"https:\/\/www.een-istanbul.org\/?page_id=516"},"modified":"2024-07-30T02:46:44","modified_gmt":"2024-07-29T23:46:44","slug":"surdurulebilirlik","status":"publish","type":"page","link":"https:\/\/www.een-istanbul.org\/en\/sustainability\/","title":{"rendered":"Sustainability"},"content":{"rendered":"<div data-elementor-type=\"wp-page\" data-elementor-id=\"516\" class=\"elementor elementor-516\" data-elementor-post-type=\"page\">\n\t\t\t\t<div class=\"elementor-element elementor-element-71f45494 service-header e-flex e-con-boxed e-con e-parent\" data-id=\"71f45494\" data-element_type=\"container\" data-settings=\"{&quot;background_background&quot;:&quot;classic&quot;}\">\n\t\t\t\t\t<div class=\"e-con-inner\">\n\t\t<div class=\"elementor-element elementor-element-43f70ce5 service-header-title e-flex e-con-boxed e-con e-child\" data-id=\"43f70ce5\" data-element_type=\"container\">\n\t\t\t\t\t<div class=\"e-con-inner\">\n\t\t\t\t<div class=\"elementor-element elementor-element-125fd6ee elementor-widget elementor-widget-heading\" data-id=\"125fd6ee\" data-element_type=\"widget\" data-widget_type=\"heading.default\">\n\t\t\t\t<div class=\"elementor-widget-container\">\n\t\t\t\t\t<h1 class=\"elementor-heading-title elementor-size-default\">Sustainability<\/h1>\t\t\t\t<\/div>\n\t\t\t\t<\/div>\n\t\t\t\t\t<\/div>\n\t\t\t\t<\/div>\n\t\t\t\t\t<\/div>\n\t\t\t\t<\/div>\n\t\t<div class=\"elementor-element elementor-element-4984cacc e-flex e-con-boxed e-con e-parent\" data-id=\"4984cacc\" data-element_type=\"container\">\n\t\t\t\t\t<div class=\"e-con-inner\">\n\t\t\t\t<div class=\"elementor-element elementor-element-2980519 elementor-widget elementor-widget-text-editor\" data-id=\"2980519\" data-element_type=\"widget\" data-widget_type=\"text-editor.default\">\n\t\t\t\t<div class=\"elementor-widget-container\">\n\t\t\t\t\t\t\t\t\t<p>Sustainability entails the balanced use of resources and preservation of natural equilibrium, taking into account the needs of future generations. As EEN-Istanbul, we embrace the concept of sustainable production, supporting businesses in generating high added value within the global value chain and enhancing their competitive sustainability capabilities.<\/p><p class=\"translation-block\"><u><b>Our Goal<\/b><\/u>: EEN-Istanbul aims to increase the competitiveness of industrial firms by promoting environmental and societal benefits through sustainability initiatives, leading the way in mainstreaming sustainability within the business community.<\/p><p class=\"translation-block\"><u><b>Our Focus Areas<\/b><\/u>: We work around focus areas such as Climate Change and Sustainable Industry, Circular Economy, Future of Work, Safe Working Environment, Sustainable Finance and Resilience of Industry to create value for environmental, energy and natural resource sustainability. Additionally, our services encompass Sustainability-Focused Innovation and Digital Transformation, vital for contemporary business models, and the development of low carbon development strategies to combat climate change.<\/p>\t\t\t\t\t\t\t\t<\/div>\n\t\t\t\t<\/div>\n\t\t\t\t<div class=\"elementor-element elementor-element-8f356f2 elementor-widget elementor-widget-accordion\" data-id=\"8f356f2\" data-element_type=\"widget\" data-widget_type=\"accordion.default\">\n\t\t\t\t<div class=\"elementor-widget-container\">\n\t\t\t\t\t\t\t<div class=\"elementor-accordion\">\n\t\t\t\t\t\t\t<div class=\"elementor-accordion-item\">\n\t\t\t\t\t<div id=\"elementor-tab-title-1501\" class=\"elementor-tab-title\" data-tab=\"1\" role=\"button\" aria-controls=\"elementor-tab-content-1501\" aria-expanded=\"false\">\n\t\t\t\t\t\t\t\t\t\t\t\t\t<span class=\"elementor-accordion-icon elementor-accordion-icon-left\" aria-hidden=\"true\">\n\t\t\t\t\t\t\t\t\t\t\t\t\t\t\t<span class=\"elementor-accordion-icon-closed\"><svg class=\"e-font-icon-svg e-fas-plus\" viewbox=\"0 0 448 512\" xmlns=\"http:\/\/www.w3.org\/2000\/svg\"><path d=\"M416 208H272V64c0-17.67-14.33-32-32-32h-32c-17.67 0-32 14.33-32 32v144H32c-17.67 0-32 14.33-32 32v32c0 17.67 14.33 32 32 32h144v144c0 17.67 14.33 32 32 32h32c17.67 0 32-14.33 32-32V304h144c17.67 0 32-14.33 32-32v-32c0-17.67-14.33-32-32-32z\"><\/path><\/svg><\/span>\n\t\t\t\t\t\t\t\t<span class=\"elementor-accordion-icon-opened\"><svg class=\"e-font-icon-svg e-fas-minus\" viewbox=\"0 0 448 512\" xmlns=\"http:\/\/www.w3.org\/2000\/svg\"><path d=\"M416 208H32c-17.67 0-32 14.33-32 32v32c0 17.67 14.33 32 32 32h384c17.67 0 32-14.33 32-32v-32c0-17.67-14.33-32-32-32z\"><\/path><\/svg><\/span>\n\t\t\t\t\t\t\t\t\t\t\t\t\t\t<\/span>\n\t\t\t\t\t\t\t\t\t\t\t\t<a class=\"elementor-accordion-title\" tabindex=\"0\">EENenergy Energy Efficiency Assessment Tool<\/a>\n\t\t\t\t\t<\/div>\n\t\t\t\t\t<div id=\"elementor-tab-content-1501\" class=\"elementor-tab-content elementor-clearfix\" data-tab=\"1\" role=\"region\" aria-labelledby=\"elementor-tab-title-1501\"><p><img fetchpriority=\"high\" decoding=\"async\" class=\"size-medium wp-image-432 alignleft\" src=\"https:\/\/www.een-istanbul.org\/wp-content\/uploads\/2024\/05\/eenergy-300x300.jpg\" alt=\"eenergy\" width=\"300\" height=\"300\" srcset=\"https:\/\/www.een-istanbul.org\/wp-content\/uploads\/2024\/05\/eenergy-300x300.jpg 300w, https:\/\/www.een-istanbul.org\/wp-content\/uploads\/2024\/05\/eenergy-150x150.jpg 150w, https:\/\/www.een-istanbul.org\/wp-content\/uploads\/2024\/05\/eenergy-12x12.jpg 12w, https:\/\/www.een-istanbul.org\/wp-content\/uploads\/2024\/05\/eenergy.jpg 406w\" sizes=\"(max-width: 300px) 100vw, 300px\" \/>The EENergy project has been funded by the EU\u2019s Single Market Program (SMP), to support SMEs to define an action plan to improve their energy efficiency performance, and to carry out this action plan. The goal of EENergy is to support at least 1800 SMEs to identify their energy efficiency needs and define a corresponding action plan for solving these needs. A maximum of \u20ac9 Million will be provided to at least 900 SMEs across countries participating in the SMP, allowing them to increase their resilience to energy price fluctuations and energy supply chain disruptions, while also increasing their sustainability and reducing their environmental impact. This direct financial support, realised through investments in technological solutions and access to dedicated consultancy and upskilling expertise, aims to lead to an efficiency performance improvement of at least 5% for the participating SMEs.<\/p><p>Sabanc\u0131 University EEN advisors provide <b>EENenergy Assesment Tool<\/b> to SMEs to develop and carry out an <b>energy efficiency action plan.<\/b> Through this direct support, EENergy aspires to provide valuable sustainability advice for every SME that participates in the EENergy process. SMEs participating in the assessment can apply for funding of 10,000\u20ac EENenergy grant in announced cut-off dates. The SMEs granted for funding will be selected randomly from the EENenergy project representatives.<\/p><\/div>\n\t\t\t\t<\/div>\n\t\t\t\t\t\t\t<div class=\"elementor-accordion-item\">\n\t\t\t\t\t<div id=\"elementor-tab-title-1502\" class=\"elementor-tab-title\" data-tab=\"2\" role=\"button\" aria-controls=\"elementor-tab-content-1502\" aria-expanded=\"false\">\n\t\t\t\t\t\t\t\t\t\t\t\t\t<span class=\"elementor-accordion-icon elementor-accordion-icon-left\" aria-hidden=\"true\">\n\t\t\t\t\t\t\t\t\t\t\t\t\t\t\t<span class=\"elementor-accordion-icon-closed\"><svg class=\"e-font-icon-svg e-fas-plus\" viewbox=\"0 0 448 512\" xmlns=\"http:\/\/www.w3.org\/2000\/svg\"><path d=\"M416 208H272V64c0-17.67-14.33-32-32-32h-32c-17.67 0-32 14.33-32 32v144H32c-17.67 0-32 14.33-32 32v32c0 17.67 14.33 32 32 32h144v144c0 17.67 14.33 32 32 32h32c17.67 0 32-14.33 32-32V304h144c17.67 0 32-14.33 32-32v-32c0-17.67-14.33-32-32-32z\"><\/path><\/svg><\/span>\n\t\t\t\t\t\t\t\t<span class=\"elementor-accordion-icon-opened\"><svg class=\"e-font-icon-svg e-fas-minus\" viewbox=\"0 0 448 512\" xmlns=\"http:\/\/www.w3.org\/2000\/svg\"><path d=\"M416 208H32c-17.67 0-32 14.33-32 32v32c0 17.67 14.33 32 32 32h384c17.67 0 32-14.33 32-32v-32c0-17.67-14.33-32-32-32z\"><\/path><\/svg><\/span>\n\t\t\t\t\t\t\t\t\t\t\t\t\t\t<\/span>\n\t\t\t\t\t\t\t\t\t\t\t\t<a class=\"elementor-accordion-title\" tabindex=\"0\">Carbon Footprint Calculation<\/a>\n\t\t\t\t\t<\/div>\n\t\t\t\t\t<div id=\"elementor-tab-content-1502\" class=\"elementor-tab-content elementor-clearfix\" data-tab=\"2\" role=\"region\" aria-labelledby=\"elementor-tab-title-1502\"><p>Companies are matched with competent consulting firms in the field of corporate carbon footprint calculation and reporting, a crucial step in transitioning to a low-carbon economy.<\/p><h3 class=\"western\" style=\"text-align: center;\">EEN Sustainability Assessment Tool<\/h3><p><img decoding=\"async\" class=\"wp-image-433 size-full aligncenter\" src=\"https:\/\/www.een-istanbul.org\/wp-content\/uploads\/2024\/05\/een-analiz.png\" alt=\"een-analiz\" width=\"766\" height=\"512\" srcset=\"https:\/\/www.een-istanbul.org\/wp-content\/uploads\/2024\/05\/een-analiz.png 766w, https:\/\/www.een-istanbul.org\/wp-content\/uploads\/2024\/05\/een-analiz-300x201.png 300w, https:\/\/www.een-istanbul.org\/wp-content\/uploads\/2024\/05\/een-analiz-18x12.png 18w\" sizes=\"(max-width: 766px) 100vw, 766px\" \/><\/p><p>The Sustainability Assessment Tool is designed by FFG Austria EEN team for a comprehensive evaluation of a company's sustainability practices. Completed within 2-2.5 hours, the tool consists of 23 questions, facilitating quick but insightful analysis. Presented in an Excel format, its adaptability across various sectors ensures a nuanced understanding of sustainability. The assessment delves into economic, ecological, social, and governance dimensions, mapping the client's current status and future aspirations. A key feature is the identification of Fields of Action, pinpointing areas for improvement and prioritizing strategic steps. The tool operates along Maturity Levels, allowing for a nuanced analysis of the company's sustainability journey. Moreover, it facilitates the joint development of a draft concept for initial measures, ensuring a tailored and professionalized approach. Additionally, the tool provides information on relevant funding and support services, empowering companies to implement sustainable practices effectively.<\/p><\/div>\n\t\t\t\t<\/div>\n\t\t\t\t\t\t\t<div class=\"elementor-accordion-item\">\n\t\t\t\t\t<div id=\"elementor-tab-title-1503\" class=\"elementor-tab-title\" data-tab=\"3\" role=\"button\" aria-controls=\"elementor-tab-content-1503\" aria-expanded=\"false\">\n\t\t\t\t\t\t\t\t\t\t\t\t\t<span class=\"elementor-accordion-icon elementor-accordion-icon-left\" aria-hidden=\"true\">\n\t\t\t\t\t\t\t\t\t\t\t\t\t\t\t<span class=\"elementor-accordion-icon-closed\"><svg class=\"e-font-icon-svg e-fas-plus\" viewbox=\"0 0 448 512\" xmlns=\"http:\/\/www.w3.org\/2000\/svg\"><path d=\"M416 208H272V64c0-17.67-14.33-32-32-32h-32c-17.67 0-32 14.33-32 32v144H32c-17.67 0-32 14.33-32 32v32c0 17.67 14.33 32 32 32h144v144c0 17.67 14.33 32 32 32h32c17.67 0 32-14.33 32-32V304h144c17.67 0 32-14.33 32-32v-32c0-17.67-14.33-32-32-32z\"><\/path><\/svg><\/span>\n\t\t\t\t\t\t\t\t<span class=\"elementor-accordion-icon-opened\"><svg class=\"e-font-icon-svg e-fas-minus\" viewbox=\"0 0 448 512\" xmlns=\"http:\/\/www.w3.org\/2000\/svg\"><path d=\"M416 208H32c-17.67 0-32 14.33-32 32v32c0 17.67 14.33 32 32 32h384c17.67 0 32-14.33 32-32v-32c0-17.67-14.33-32-32-32z\"><\/path><\/svg><\/span>\n\t\t\t\t\t\t\t\t\t\t\t\t\t\t<\/span>\n\t\t\t\t\t\t\t\t\t\t\t\t<a class=\"elementor-accordion-title\" tabindex=\"0\">ICI Energy Efficiency Consultancy<\/a>\n\t\t\t\t\t<\/div>\n\t\t\t\t\t<div id=\"elementor-tab-content-1503\" class=\"elementor-tab-content elementor-clearfix\" data-tab=\"3\" role=\"region\" aria-labelledby=\"elementor-tab-title-1503\"><p>Efforts are being made to meet the continuous, high quality and cost-effective energy needs of the industry. Projects and legislative efforts are being conducted in collaboration with public and private organisations to increase the share of domestic and renewable energy sources and to support the production of energy-generating equipment with local labour and resources.<\/p><p>The Energy Efficiency Consultancy and Reporting services are provided by the Istanbul Chamber of Industry for companies consuming less than 1000 TOE annually, aiming to help reducing greenhouse gas emissions and energy consumption.<\/p><p class=\"translation-block\"><a href=\"https:\/\/www.iso.org.tr\/surdurulebilirlik\/enerji-verimliligi-danismanligi.html\" target=\"_self\">Click<\/a> to apply.<\/p><\/div>\n\t\t\t\t<\/div>\n\t\t\t\t\t\t\t\t<\/div>\n\t\t\t\t\t\t<\/div>\n\t\t\t\t<\/div>\n\t\t\t\t<div class=\"elementor-element elementor-element-ae56d7c elementor-widget elementor-widget-html\" data-id=\"ae56d7c\" data-element_type=\"widget\" data-widget_type=\"html.default\">\n\t\t\t\t<div class=\"elementor-widget-container\">\n\t\t\t\t\t<script> \r\njQuery(window).on('load', function() {\r\n    jQuery('.elementor-accordion .elementor-tab-title').removeClass('elementor-active');\r\n    jQuery('.elementor-accordion .elementor-tab-content').css('display', 'none');\r\n});\r\n\r\n<\/script>\t\t\t\t<\/div>\n\t\t\t\t<\/div>\n\t\t\t\t\t<\/div>\n\t\t\t\t<\/div>\n\t\t\t\t<\/div>","protected":false},"excerpt":{"rendered":"<p>S\u00fcrd\u00fcr\u00fclebilirlik S\u00fcrd\u00fcr\u00fclebilirlik, gelecek nesillerin ihtiya\u00e7lar\u0131n\u0131 g\u00f6z \u00f6n\u00fcnde bulundurarak kaynaklar\u0131n dengeli bir \u015fekilde kullan\u0131lmas\u0131n\u0131 ve do\u011fal dengeyi korumay\u0131 ifade eder. A\u0130A-\u0130stanbul olarak, s\u00fcrd\u00fcr\u00fclebilir \u00fcretim anlay\u0131\u015f\u0131n\u0131 benimseyerek sanayi firmalar\u0131n\u0131n k\u00fcresel de\u011fer zincirinde [&hellip;]<\/p>","protected":false},"author":1,"featured_media":264,"parent":0,"menu_order":0,"comment_status":"closed","ping_status":"closed","template":"","meta":{"_acf_changed":false,"footnotes":""},"class_list":["post-516","page","type-page","status-publish","has-post-thumbnail","hentry"],"yoast_head":"<!-- This site is optimized with the Yoast SEO plugin v24.6 - https:\/\/yoast.com\/wordpress\/plugins\/seo\/ -->\n<title>S\u00fcrd\u00fcr\u00fclebilirlik - AIA - Avrupa \u0130\u015fletmeleri A\u011f\u0131<\/title>\n<meta name=\"robots\" content=\"index, follow, max-snippet:-1, max-image-preview:large, max-video-preview:-1\" \/>\n<link rel=\"canonical\" href=\"https:\/\/www.een-istanbul.org\/en\/sustainability\/\" \/>\n<meta property=\"og:locale\" content=\"en_US\" \/>\n<meta property=\"og:type\" content=\"article\" \/>\n<meta property=\"og:title\" content=\"S\u00fcrd\u00fcr\u00fclebilirlik - AIA - Avrupa \u0130\u015fletmeleri A\u011f\u0131\" \/>\n<meta property=\"og:description\" content=\"S\u00fcrd\u00fcr\u00fclebilirlik S\u00fcrd\u00fcr\u00fclebilirlik, gelecek nesillerin ihtiya\u00e7lar\u0131n\u0131 g\u00f6z \u00f6n\u00fcnde bulundurarak kaynaklar\u0131n dengeli bir \u015fekilde kullan\u0131lmas\u0131n\u0131 ve do\u011fal dengeyi korumay\u0131 ifade eder. A\u0130A-\u0130stanbul olarak, s\u00fcrd\u00fcr\u00fclebilir \u00fcretim anlay\u0131\u015f\u0131n\u0131 benimseyerek sanayi firmalar\u0131n\u0131n k\u00fcresel de\u011fer zincirinde [&hellip;]\" \/>\n<meta property=\"og:url\" content=\"https:\/\/www.een-istanbul.org\/en\/sustainability\/\" \/>\n<meta property=\"og:site_name\" content=\"AIA - Avrupa \u0130\u015fletmeleri A\u011f\u0131\" \/>\n<meta property=\"article:modified_time\" content=\"2024-07-29T23:46:44+00:00\" \/>\n<meta property=\"og:image\" content=\"https:\/\/www.een-istanbul.org\/wp-content\/uploads\/2024\/05\/sustainability.jpeg\" \/>\n\t<meta property=\"og:image:width\" content=\"2121\" \/>\n\t<meta property=\"og:image:height\" content=\"1414\" \/>\n\t<meta property=\"og:image:type\" content=\"image\/jpeg\" \/>\n<meta name=\"twitter:card\" content=\"summary_large_image\" \/>\n<meta name=\"twitter:label1\" content=\"Est. reading time\" \/>\n\t<meta name=\"twitter:data1\" content=\"4 minutes\" \/>\n<script type=\"application\/ld+json\" class=\"yoast-schema-graph\">{\"@context\":\"https:\/\/schema.org\",\"@graph\":[{\"@type\":\"WebPage\",\"@id\":\"https:\/\/www.een-istanbul.org\/surdurulebilirlik\/\",\"url\":\"https:\/\/www.een-istanbul.org\/surdurulebilirlik\/\",\"name\":\"S\u00fcrd\u00fcr\u00fclebilirlik - AIA - Avrupa \u0130\u015fletmeleri A\u011f\u0131\",\"isPartOf\":{\"@id\":\"https:\/\/www.een-istanbul.org\/#website\"},\"primaryImageOfPage\":{\"@id\":\"https:\/\/www.een-istanbul.org\/surdurulebilirlik\/#primaryimage\"},\"image\":{\"@id\":\"https:\/\/www.een-istanbul.org\/surdurulebilirlik\/#primaryimage\"},\"thumbnailUrl\":\"https:\/\/www.een-istanbul.org\/wp-content\/uploads\/2024\/05\/sustainability.jpeg\",\"datePublished\":\"2024-06-03T12:43:54+00:00\",\"dateModified\":\"2024-07-29T23:46:44+00:00\",\"breadcrumb\":{\"@id\":\"https:\/\/www.een-istanbul.org\/surdurulebilirlik\/#breadcrumb\"},\"inLanguage\":\"en-US\",\"potentialAction\":[{\"@type\":\"ReadAction\",\"target\":[\"https:\/\/www.een-istanbul.org\/surdurulebilirlik\/\"]}]},{\"@type\":\"ImageObject\",\"inLanguage\":\"en-US\",\"@id\":\"https:\/\/www.een-istanbul.org\/surdurulebilirlik\/#primaryimage\",\"url\":\"https:\/\/www.een-istanbul.org\/wp-content\/uploads\/2024\/05\/sustainability.jpeg\",\"contentUrl\":\"https:\/\/www.een-istanbul.org\/wp-content\/uploads\/2024\/05\/sustainability.jpeg\",\"width\":2121,\"height\":1414,\"caption\":\"sustainability\"},{\"@type\":\"BreadcrumbList\",\"@id\":\"https:\/\/www.een-istanbul.org\/surdurulebilirlik\/#breadcrumb\",\"itemListElement\":[{\"@type\":\"ListItem\",\"position\":1,\"name\":\"Home\",\"item\":\"https:\/\/www.een-istanbul.org\/\"},{\"@type\":\"ListItem\",\"position\":2,\"name\":\"S\u00fcrd\u00fcr\u00fclebilirlik\"}]},{\"@type\":\"WebSite\",\"@id\":\"https:\/\/www.een-istanbul.org\/#website\",\"url\":\"https:\/\/www.een-istanbul.org\/\",\"name\":\"AIA - Avrupa \u0130\u015fletmeleri A\u011f\u0131\",\"description\":\"\",\"publisher\":{\"@id\":\"https:\/\/www.een-istanbul.org\/#organization\"},\"potentialAction\":[{\"@type\":\"SearchAction\",\"target\":{\"@type\":\"EntryPoint\",\"urlTemplate\":\"https:\/\/www.een-istanbul.org\/?s={search_term_string}\"},\"query-input\":{\"@type\":\"PropertyValueSpecification\",\"valueRequired\":true,\"valueName\":\"search_term_string\"}}],\"inLanguage\":\"en-US\"},{\"@type\":\"Organization\",\"@id\":\"https:\/\/www.een-istanbul.org\/#organization\",\"name\":\"AIA - Avrupa \u0130\u015fletmeleri A\u011f\u0131\",\"url\":\"https:\/\/www.een-istanbul.org\/\",\"logo\":{\"@type\":\"ImageObject\",\"inLanguage\":\"en-US\",\"@id\":\"https:\/\/www.een-istanbul.org\/#\/schema\/logo\/image\/\",\"url\":\"https:\/\/www.een-istanbul.org\/wp-content\/uploads\/2024\/05\/EEN_logo_RGB_HORIZ_negative-header_0.png\",\"contentUrl\":\"https:\/\/www.een-istanbul.org\/wp-content\/uploads\/2024\/05\/EEN_logo_RGB_HORIZ_negative-header_0.png\",\"width\":190,\"height\":72,\"caption\":\"AIA - Avrupa \u0130\u015fletmeleri A\u011f\u0131\"},\"image\":{\"@id\":\"https:\/\/www.een-istanbul.org\/#\/schema\/logo\/image\/\"}}]}<\/script>\n<!-- \/ Yoast SEO plugin. -->","yoast_head_json":{"title":"S\u00fcrd\u00fcr\u00fclebilirlik - AIA - Avrupa \u0130\u015fletmeleri A\u011f\u0131","robots":{"index":"index","follow":"follow","max-snippet":"max-snippet:-1","max-image-preview":"max-image-preview:large","max-video-preview":"max-video-preview:-1"},"canonical":"https:\/\/www.een-istanbul.org\/en\/sustainability\/","og_locale":"en_US","og_type":"article","og_title":"S\u00fcrd\u00fcr\u00fclebilirlik - AIA - Avrupa \u0130\u015fletmeleri A\u011f\u0131","og_description":"S\u00fcrd\u00fcr\u00fclebilirlik S\u00fcrd\u00fcr\u00fclebilirlik, gelecek nesillerin ihtiya\u00e7lar\u0131n\u0131 g\u00f6z \u00f6n\u00fcnde bulundurarak kaynaklar\u0131n dengeli bir \u015fekilde kullan\u0131lmas\u0131n\u0131 ve do\u011fal dengeyi korumay\u0131 ifade eder. A\u0130A-\u0130stanbul olarak, s\u00fcrd\u00fcr\u00fclebilir \u00fcretim anlay\u0131\u015f\u0131n\u0131 benimseyerek sanayi firmalar\u0131n\u0131n k\u00fcresel de\u011fer zincirinde [&hellip;]","og_url":"https:\/\/www.een-istanbul.org\/en\/sustainability\/","og_site_name":"AIA - Avrupa \u0130\u015fletmeleri A\u011f\u0131","article_modified_time":"2024-07-29T23:46:44+00:00","og_image":[{"width":2121,"height":1414,"url":"https:\/\/www.een-istanbul.org\/wp-content\/uploads\/2024\/05\/sustainability.jpeg","type":"image\/jpeg"}],"twitter_card":"summary_large_image","twitter_misc":{"Est. reading time":"4 minutes"},"schema":{"@context":"https:\/\/schema.org","@graph":[{"@type":"WebPage","@id":"https:\/\/www.een-istanbul.org\/surdurulebilirlik\/","url":"https:\/\/www.een-istanbul.org\/surdurulebilirlik\/","name":"S\u00fcrd\u00fcr\u00fclebilirlik - AIA - Avrupa \u0130\u015fletmeleri A\u011f\u0131","isPartOf":{"@id":"https:\/\/www.een-istanbul.org\/#website"},"primaryImageOfPage":{"@id":"https:\/\/www.een-istanbul.org\/surdurulebilirlik\/#primaryimage"},"image":{"@id":"https:\/\/www.een-istanbul.org\/surdurulebilirlik\/#primaryimage"},"thumbnailUrl":"https:\/\/www.een-istanbul.org\/wp-content\/uploads\/2024\/05\/sustainability.jpeg","datePublished":"2024-06-03T12:43:54+00:00","dateModified":"2024-07-29T23:46:44+00:00","breadcrumb":{"@id":"https:\/\/www.een-istanbul.org\/surdurulebilirlik\/#breadcrumb"},"inLanguage":"en-US","potentialAction":[{"@type":"ReadAction","target":["https:\/\/www.een-istanbul.org\/surdurulebilirlik\/"]}]},{"@type":"ImageObject","inLanguage":"en-US","@id":"https:\/\/www.een-istanbul.org\/surdurulebilirlik\/#primaryimage","url":"https:\/\/www.een-istanbul.org\/wp-content\/uploads\/2024\/05\/sustainability.jpeg","contentUrl":"https:\/\/www.een-istanbul.org\/wp-content\/uploads\/2024\/05\/sustainability.jpeg","width":2121,"height":1414,"caption":"sustainability"},{"@type":"BreadcrumbList","@id":"https:\/\/www.een-istanbul.org\/surdurulebilirlik\/#breadcrumb","itemListElement":[{"@type":"ListItem","position":1,"name":"Home","item":"https:\/\/www.een-istanbul.org\/"},{"@type":"ListItem","position":2,"name":"S\u00fcrd\u00fcr\u00fclebilirlik"}]},{"@type":"WebSite","@id":"https:\/\/www.een-istanbul.org\/#website","url":"https:\/\/www.een-istanbul.org\/","name":"AIA - Avrupa \u0130\u015fletmeleri A\u011f\u0131","description":"","publisher":{"@id":"https:\/\/www.een-istanbul.org\/#organization"},"potentialAction":[{"@type":"SearchAction","target":{"@type":"EntryPoint","urlTemplate":"https:\/\/www.een-istanbul.org\/?s={search_term_string}"},"query-input":{"@type":"PropertyValueSpecification","valueRequired":true,"valueName":"search_term_string"}}],"inLanguage":"en-US"},{"@type":"Organization","@id":"https:\/\/www.een-istanbul.org\/#organization","name":"AIA - Avrupa \u0130\u015fletmeleri A\u011f\u0131","url":"https:\/\/www.een-istanbul.org\/","logo":{"@type":"ImageObject","inLanguage":"en-US","@id":"https:\/\/www.een-istanbul.org\/#\/schema\/logo\/image\/","url":"https:\/\/www.een-istanbul.org\/wp-content\/uploads\/2024\/05\/EEN_logo_RGB_HORIZ_negative-header_0.png","contentUrl":"https:\/\/www.een-istanbul.org\/wp-content\/uploads\/2024\/05\/EEN_logo_RGB_HORIZ_negative-header_0.png","width":190,"height":72,"caption":"AIA - Avrupa \u0130\u015fletmeleri A\u011f\u0131"},"image":{"@id":"https:\/\/www.een-istanbul.org\/#\/schema\/logo\/image\/"}}]}},"acf":[],"_links":{"self":[{"href":"https:\/\/www.een-istanbul.org\/en\/wp-json\/wp\/v2\/pages\/516","targetHints":{"allow":["GET"]}}],"collection":[{"href":"https:\/\/www.een-istanbul.org\/en\/wp-json\/wp\/v2\/pages"}],"about":[{"href":"https:\/\/www.een-istanbul.org\/en\/wp-json\/wp\/v2\/types\/page"}],"author":[{"embeddable":true,"href":"https:\/\/www.een-istanbul.org\/en\/wp-json\/wp\/v2\/users\/1"}],"replies":[{"embeddable":true,"href":"https:\/\/www.een-istanbul.org\/en\/wp-json\/wp\/v2\/comments?post=516"}],"version-history":[{"count":52,"href":"https:\/\/www.een-istanbul.org\/en\/wp-json\/wp\/v2\/pages\/516\/revisions"}],"predecessor-version":[{"id":1236,"href":"https:\/\/www.een-istanbul.org\/en\/wp-json\/wp\/v2\/pages\/516\/revisions\/1236"}],"wp:featuredmedia":[{"embeddable":true,"href":"https:\/\/www.een-istanbul.org\/en\/wp-json\/wp\/v2\/media\/264"}],"wp:attachment":[{"href":"https:\/\/www.een-istanbul.org\/en\/wp-json\/wp\/v2\/media?parent=516"}],"curies":[{"name":"wp","href":"https:\/\/api.w.org\/{rel}","templated":true}]}}