{"id":579,"date":"2024-06-03T17:21:58","date_gmt":"2024-06-03T14:21:58","guid":{"rendered":"https:\/\/www.een-istanbul.org\/?page_id=579"},"modified":"2024-07-30T02:51:07","modified_gmt":"2024-07-29T23:51:07","slug":"finansmana-erisim","status":"publish","type":"page","link":"https:\/\/www.een-istanbul.org\/en\/access-to-finance\/","title":{"rendered":"Access to Finance"},"content":{"rendered":"<div data-elementor-type=\"wp-page\" data-elementor-id=\"579\" class=\"elementor elementor-579\" data-elementor-post-type=\"page\">\n\t\t\t\t<div class=\"elementor-element elementor-element-71f45494 service-header e-flex e-con-boxed e-con e-parent\" data-id=\"71f45494\" data-element_type=\"container\" data-settings=\"{&quot;background_background&quot;:&quot;classic&quot;}\">\n\t\t\t\t\t<div class=\"e-con-inner\">\n\t\t<div class=\"elementor-element elementor-element-43f70ce5 service-header-title e-flex e-con-boxed e-con e-child\" data-id=\"43f70ce5\" data-element_type=\"container\">\n\t\t\t\t\t<div class=\"e-con-inner\">\n\t\t\t\t<div class=\"elementor-element elementor-element-125fd6ee elementor-widget elementor-widget-heading\" data-id=\"125fd6ee\" data-element_type=\"widget\" data-widget_type=\"heading.default\">\n\t\t\t\t<div class=\"elementor-widget-container\">\n\t\t\t\t\t<h1 class=\"elementor-heading-title elementor-size-default\">Access to Finance<\/h1>\t\t\t\t<\/div>\n\t\t\t\t<\/div>\n\t\t\t\t\t<\/div>\n\t\t\t\t<\/div>\n\t\t\t\t\t<\/div>\n\t\t\t\t<\/div>\n\t\t<div class=\"elementor-element elementor-element-4984cacc e-flex e-con-boxed e-con e-parent\" data-id=\"4984cacc\" data-element_type=\"container\">\n\t\t\t\t\t<div class=\"e-con-inner\">\n\t\t\t\t<div class=\"elementor-element elementor-element-2980519 elementor-widget elementor-widget-text-editor\" data-id=\"2980519\" data-element_type=\"widget\" data-widget_type=\"text-editor.default\">\n\t\t\t\t<div class=\"elementor-widget-container\">\n\t\t\t\t\t\t\t\t\t<p>Our services within the scope of \u201cAccess to Finance\u201d aim to facilitate SMEs\u2019 access to EU funds and obtaining financing through projects. Having access to the EU\u2019s various funding programs supports businesses in achieving their growth targets, while also helping them make their production processes sustainable, make innovative breakthroughs and increase their competitiveness.<\/p><p>EU funds provide unique opportunities for businesses to increase their growth and reach their innovation potential, and we offer a variety of support to ensure they make the most of these opportunities.<\/p><p>Enable your business to reach funds and its potential through EU projects.<\/p>\t\t\t\t\t\t\t\t<\/div>\n\t\t\t\t<\/div>\n\t\t\t\t<div class=\"elementor-element elementor-element-dab3224 elementor-widget elementor-widget-html\" data-id=\"dab3224\" data-element_type=\"widget\" data-widget_type=\"html.default\">\n\t\t\t\t<div class=\"elementor-widget-container\">\n\t\t\t\t\t<script> \r\njQuery(window).on('load', function() {\r\n    jQuery('.elementor-accordion .elementor-tab-title').removeClass('elementor-active');\r\n    jQuery('.elementor-accordion .elementor-tab-content').css('display', 'none');\r\n});\r\n\r\n<\/script>\t\t\t\t<\/div>\n\t\t\t\t<\/div>\n\t\t\t\t<div class=\"elementor-element elementor-element-c85208f elementor-widget elementor-widget-accordion\" data-id=\"c85208f\" data-element_type=\"widget\" data-widget_type=\"accordion.default\">\n\t\t\t\t<div class=\"elementor-widget-container\">\n\t\t\t\t\t\t\t<div class=\"elementor-accordion\">\n\t\t\t\t\t\t\t<div class=\"elementor-accordion-item\">\n\t\t\t\t\t<div id=\"elementor-tab-title-2101\" class=\"elementor-tab-title\" data-tab=\"1\" role=\"button\" aria-controls=\"elementor-tab-content-2101\" aria-expanded=\"false\">\n\t\t\t\t\t\t\t\t\t\t\t\t\t<span class=\"elementor-accordion-icon elementor-accordion-icon-left\" aria-hidden=\"true\">\n\t\t\t\t\t\t\t\t\t\t\t\t\t\t\t<span class=\"elementor-accordion-icon-closed\"><svg class=\"e-font-icon-svg e-fas-plus\" viewbox=\"0 0 448 512\" xmlns=\"http:\/\/www.w3.org\/2000\/svg\"><path d=\"M416 208H272V64c0-17.67-14.33-32-32-32h-32c-17.67 0-32 14.33-32 32v144H32c-17.67 0-32 14.33-32 32v32c0 17.67 14.33 32 32 32h144v144c0 17.67 14.33 32 32 32h32c17.67 0 32-14.33 32-32V304h144c17.67 0 32-14.33 32-32v-32c0-17.67-14.33-32-32-32z\"><\/path><\/svg><\/span>\n\t\t\t\t\t\t\t\t<span class=\"elementor-accordion-icon-opened\"><svg class=\"e-font-icon-svg e-fas-minus\" viewbox=\"0 0 448 512\" xmlns=\"http:\/\/www.w3.org\/2000\/svg\"><path d=\"M416 208H32c-17.67 0-32 14.33-32 32v32c0 17.67 14.33 32 32 32h384c17.67 0 32-14.33 32-32v-32c0-17.67-14.33-32-32-32z\"><\/path><\/svg><\/span>\n\t\t\t\t\t\t\t\t\t\t\t\t\t\t<\/span>\n\t\t\t\t\t\t\t\t\t\t\t\t<a class=\"elementor-accordion-title\" tabindex=\"0\">Access to European Union Funds<\/a>\n\t\t\t\t\t<\/div>\n\t\t\t\t\t<div id=\"elementor-tab-content-2101\" class=\"elementor-tab-content elementor-clearfix\" data-tab=\"1\" role=\"region\" aria-labelledby=\"elementor-tab-title-2101\"><p>EEN provides special mentoring services for its clients' access to EU funds. We can guide you on the most suitable EU fund instruments and other tools to provide financial support for your R&amp;D activities. These supports include:<\/p><ul><li><p><u><b>Informing about EU Fund Programs and Calls<\/b><\/u>: We specialize in EU fund programs and calls, including Horizon Europe Clusters, the European Innovation Council, and EIT calls; we can also provide information on Eureka, Era-net, Eurostars, and Erasmus+ programs. We guide you to the best-matching alternatives for current calls related to your project idea and continuously announce calls that match your interests.<\/p><\/li><li><p><u><b>Review and Feedback on Project Proposals<\/b><\/u>: Our team can review and provide feedback on your project proposal prepared for a specific call application. By reading and providing feedback on the project proposal, we support aligning it with the expectations of the EU project evaluator. Sabanc\u0131 University assigns the team member most experienced in the proposed area of your project. After careful examination of the project, we provide a feedback report and action plan on areas where the project proposal needs improvement. This service is free of charge.<\/p><\/li><\/ul><\/div>\n\t\t\t\t<\/div>\n\t\t\t\t\t\t\t<div class=\"elementor-accordion-item\">\n\t\t\t\t\t<div id=\"elementor-tab-title-2102\" class=\"elementor-tab-title\" data-tab=\"2\" role=\"button\" aria-controls=\"elementor-tab-content-2102\" aria-expanded=\"false\">\n\t\t\t\t\t\t\t\t\t\t\t\t\t<span class=\"elementor-accordion-icon elementor-accordion-icon-left\" aria-hidden=\"true\">\n\t\t\t\t\t\t\t\t\t\t\t\t\t\t\t<span class=\"elementor-accordion-icon-closed\"><svg class=\"e-font-icon-svg e-fas-plus\" viewbox=\"0 0 448 512\" xmlns=\"http:\/\/www.w3.org\/2000\/svg\"><path d=\"M416 208H272V64c0-17.67-14.33-32-32-32h-32c-17.67 0-32 14.33-32 32v144H32c-17.67 0-32 14.33-32 32v32c0 17.67 14.33 32 32 32h144v144c0 17.67 14.33 32 32 32h32c17.67 0 32-14.33 32-32V304h144c17.67 0 32-14.33 32-32v-32c0-17.67-14.33-32-32-32z\"><\/path><\/svg><\/span>\n\t\t\t\t\t\t\t\t<span class=\"elementor-accordion-icon-opened\"><svg class=\"e-font-icon-svg e-fas-minus\" viewbox=\"0 0 448 512\" xmlns=\"http:\/\/www.w3.org\/2000\/svg\"><path d=\"M416 208H32c-17.67 0-32 14.33-32 32v32c0 17.67 14.33 32 32 32h384c17.67 0 32-14.33 32-32v-32c0-17.67-14.33-32-32-32z\"><\/path><\/svg><\/span>\n\t\t\t\t\t\t\t\t\t\t\t\t\t\t<\/span>\n\t\t\t\t\t\t\t\t\t\t\t\t<a class=\"elementor-accordion-title\" tabindex=\"0\">SME National Incentives Help Desk<\/a>\n\t\t\t\t\t<\/div>\n\t\t\t\t\t<div id=\"elementor-tab-content-2102\" class=\"elementor-tab-content elementor-clearfix\" data-tab=\"2\" role=\"region\" aria-labelledby=\"elementor-tab-title-2102\"><p>KOSGEB Istanbul guides SMEs in accessing national government incentives for innovation, internationalization, digitalisation and sustainability.<\/p><h3 class=\"western\">Access to Investment<\/h3><p>The Sabanc\u0131 University EEN team directs startups to accelerator programs for accessing funding. Among these programs are Inovent B\u0130GG3IN (T\u00dcB\u0130TAK 900,000 TL Venture Capital Program) and the Sabanc\u0131 Arf Program (a 20-week accelerator and access to investment program). The Inovent incubation center within Sabanc\u0131 University can also provide startups with various investment opportunities. Take advantage of our Partnership Services to help your business grow internationally. Get in touch with us and benefit from the advantages of our global network.<\/p><h3 class=\"western\">Access to Finance Meetings for SMEs<\/h3><p>During these meetings, which are held with EXIMBANK, KGF, Ministry of Trade, and national banks, companies are provided with detailed information on various access to finance options available to them by KOSGEB Istanbul. The aim of these meetings is to provide knowledge and resources companies need to successfully access to finance for their operations.<\/p><\/div>\n\t\t\t\t<\/div>\n\t\t\t\t\t\t\t\t<\/div>\n\t\t\t\t\t\t<\/div>\n\t\t\t\t<\/div>\n\t\t\t\t\t<\/div>\n\t\t\t\t<\/div>\n\t\t\t\t<\/div>","protected":false},"excerpt":{"rendered":"<p>Finansmana Eri\u015fim &#8220;Finansmana Eri\u015fim&#8221; kapsam\u0131ndaki hizmetlerimiz, KOB\u0130\u2019lerin AB fonlar\u0131na eri\u015fimini ve projeler arac\u0131l\u0131\u011f\u0131yla finansman sa\u011flamas\u0131n\u0131 kolayla\u015ft\u0131rmay\u0131 ama\u00e7lamaktad\u0131r. AB&#8217;nin \u00e7e\u015fitli fonlama programlar\u0131na eri\u015fim sa\u011flamak, i\u015fletmelerin b\u00fcy\u00fcme hedeflerine ula\u015fmalar\u0131n\u0131 desteklerken ayn\u0131 zamanda [&hellip;]<\/p>","protected":false},"author":1,"featured_media":532,"parent":0,"menu_order":0,"comment_status":"closed","ping_status":"closed","template":"","meta":{"_acf_changed":false,"footnotes":""},"class_list":["post-579","page","type-page","status-publish","has-post-thumbnail","hentry"],"yoast_head":"<!-- This site is optimized with the Yoast SEO plugin v24.6 - https:\/\/yoast.com\/wordpress\/plugins\/seo\/ -->\n<title>Finansmana Eri\u015fim - AIA - Avrupa \u0130\u015fletmeleri A\u011f\u0131<\/title>\n<meta name=\"robots\" content=\"index, follow, max-snippet:-1, max-image-preview:large, max-video-preview:-1\" \/>\n<link rel=\"canonical\" href=\"https:\/\/www.een-istanbul.org\/en\/access-to-finance\/\" \/>\n<meta property=\"og:locale\" content=\"en_US\" \/>\n<meta property=\"og:type\" content=\"article\" \/>\n<meta property=\"og:title\" content=\"Finansmana Eri\u015fim - AIA - Avrupa \u0130\u015fletmeleri A\u011f\u0131\" \/>\n<meta property=\"og:description\" content=\"Finansmana Eri\u015fim &#8220;Finansmana Eri\u015fim&#8221; kapsam\u0131ndaki hizmetlerimiz, KOB\u0130\u2019lerin AB fonlar\u0131na eri\u015fimini ve projeler arac\u0131l\u0131\u011f\u0131yla finansman sa\u011flamas\u0131n\u0131 kolayla\u015ft\u0131rmay\u0131 ama\u00e7lamaktad\u0131r. AB&#8217;nin \u00e7e\u015fitli fonlama programlar\u0131na eri\u015fim sa\u011flamak, i\u015fletmelerin b\u00fcy\u00fcme hedeflerine ula\u015fmalar\u0131n\u0131 desteklerken ayn\u0131 zamanda [&hellip;]\" \/>\n<meta property=\"og:url\" content=\"https:\/\/www.een-istanbul.org\/en\/access-to-finance\/\" \/>\n<meta property=\"og:site_name\" content=\"AIA - Avrupa \u0130\u015fletmeleri A\u011f\u0131\" \/>\n<meta property=\"article:modified_time\" content=\"2024-07-29T23:51:07+00:00\" \/>\n<meta property=\"og:image\" content=\"https:\/\/www.een-istanbul.org\/wp-content\/uploads\/2024\/06\/finansman-scaled.jpeg\" \/>\n\t<meta property=\"og:image:width\" content=\"2560\" \/>\n\t<meta property=\"og:image:height\" content=\"1707\" \/>\n\t<meta property=\"og:image:type\" content=\"image\/jpeg\" \/>\n<meta name=\"twitter:card\" content=\"summary_large_image\" \/>\n<meta name=\"twitter:label1\" content=\"Est. reading time\" \/>\n\t<meta name=\"twitter:data1\" content=\"3 minutes\" \/>\n<script type=\"application\/ld+json\" class=\"yoast-schema-graph\">{\"@context\":\"https:\/\/schema.org\",\"@graph\":[{\"@type\":\"WebPage\",\"@id\":\"https:\/\/www.een-istanbul.org\/finansmana-erisim\/\",\"url\":\"https:\/\/www.een-istanbul.org\/finansmana-erisim\/\",\"name\":\"Finansmana Eri\u015fim - AIA - Avrupa \u0130\u015fletmeleri A\u011f\u0131\",\"isPartOf\":{\"@id\":\"https:\/\/www.een-istanbul.org\/#website\"},\"primaryImageOfPage\":{\"@id\":\"https:\/\/www.een-istanbul.org\/finansmana-erisim\/#primaryimage\"},\"image\":{\"@id\":\"https:\/\/www.een-istanbul.org\/finansmana-erisim\/#primaryimage\"},\"thumbnailUrl\":\"https:\/\/www.een-istanbul.org\/wp-content\/uploads\/2024\/06\/finansman-scaled.jpeg\",\"datePublished\":\"2024-06-03T14:21:58+00:00\",\"dateModified\":\"2024-07-29T23:51:07+00:00\",\"breadcrumb\":{\"@id\":\"https:\/\/www.een-istanbul.org\/finansmana-erisim\/#breadcrumb\"},\"inLanguage\":\"en-US\",\"potentialAction\":[{\"@type\":\"ReadAction\",\"target\":[\"https:\/\/www.een-istanbul.org\/finansmana-erisim\/\"]}]},{\"@type\":\"ImageObject\",\"inLanguage\":\"en-US\",\"@id\":\"https:\/\/www.een-istanbul.org\/finansmana-erisim\/#primaryimage\",\"url\":\"https:\/\/www.een-istanbul.org\/wp-content\/uploads\/2024\/06\/finansman-scaled.jpeg\",\"contentUrl\":\"https:\/\/www.een-istanbul.org\/wp-content\/uploads\/2024\/06\/finansman-scaled.jpeg\",\"width\":2560,\"height\":1707,\"caption\":\"finansman\"},{\"@type\":\"BreadcrumbList\",\"@id\":\"https:\/\/www.een-istanbul.org\/finansmana-erisim\/#breadcrumb\",\"itemListElement\":[{\"@type\":\"ListItem\",\"position\":1,\"name\":\"Home\",\"item\":\"https:\/\/www.een-istanbul.org\/\"},{\"@type\":\"ListItem\",\"position\":2,\"name\":\"Finansmana Eri\u015fim\"}]},{\"@type\":\"WebSite\",\"@id\":\"https:\/\/www.een-istanbul.org\/#website\",\"url\":\"https:\/\/www.een-istanbul.org\/\",\"name\":\"AIA - Avrupa \u0130\u015fletmeleri A\u011f\u0131\",\"description\":\"\",\"publisher\":{\"@id\":\"https:\/\/www.een-istanbul.org\/#organization\"},\"potentialAction\":[{\"@type\":\"SearchAction\",\"target\":{\"@type\":\"EntryPoint\",\"urlTemplate\":\"https:\/\/www.een-istanbul.org\/?s={search_term_string}\"},\"query-input\":{\"@type\":\"PropertyValueSpecification\",\"valueRequired\":true,\"valueName\":\"search_term_string\"}}],\"inLanguage\":\"en-US\"},{\"@type\":\"Organization\",\"@id\":\"https:\/\/www.een-istanbul.org\/#organization\",\"name\":\"AIA - Avrupa \u0130\u015fletmeleri A\u011f\u0131\",\"url\":\"https:\/\/www.een-istanbul.org\/\",\"logo\":{\"@type\":\"ImageObject\",\"inLanguage\":\"en-US\",\"@id\":\"https:\/\/www.een-istanbul.org\/#\/schema\/logo\/image\/\",\"url\":\"https:\/\/www.een-istanbul.org\/wp-content\/uploads\/2024\/05\/EEN_logo_RGB_HORIZ_negative-header_0.png\",\"contentUrl\":\"https:\/\/www.een-istanbul.org\/wp-content\/uploads\/2024\/05\/EEN_logo_RGB_HORIZ_negative-header_0.png\",\"width\":190,\"height\":72,\"caption\":\"AIA - Avrupa \u0130\u015fletmeleri A\u011f\u0131\"},\"image\":{\"@id\":\"https:\/\/www.een-istanbul.org\/#\/schema\/logo\/image\/\"}}]}<\/script>\n<!-- \/ Yoast SEO plugin. -->","yoast_head_json":{"title":"Finansmana Eri\u015fim - AIA - Avrupa \u0130\u015fletmeleri A\u011f\u0131","robots":{"index":"index","follow":"follow","max-snippet":"max-snippet:-1","max-image-preview":"max-image-preview:large","max-video-preview":"max-video-preview:-1"},"canonical":"https:\/\/www.een-istanbul.org\/en\/access-to-finance\/","og_locale":"en_US","og_type":"article","og_title":"Finansmana Eri\u015fim - AIA - Avrupa \u0130\u015fletmeleri A\u011f\u0131","og_description":"Finansmana Eri\u015fim &#8220;Finansmana Eri\u015fim&#8221; kapsam\u0131ndaki hizmetlerimiz, KOB\u0130\u2019lerin AB fonlar\u0131na eri\u015fimini ve projeler arac\u0131l\u0131\u011f\u0131yla finansman sa\u011flamas\u0131n\u0131 kolayla\u015ft\u0131rmay\u0131 ama\u00e7lamaktad\u0131r. AB&#8217;nin \u00e7e\u015fitli fonlama programlar\u0131na eri\u015fim sa\u011flamak, i\u015fletmelerin b\u00fcy\u00fcme hedeflerine ula\u015fmalar\u0131n\u0131 desteklerken ayn\u0131 zamanda [&hellip;]","og_url":"https:\/\/www.een-istanbul.org\/en\/access-to-finance\/","og_site_name":"AIA - Avrupa \u0130\u015fletmeleri A\u011f\u0131","article_modified_time":"2024-07-29T23:51:07+00:00","og_image":[{"width":2560,"height":1707,"url":"https:\/\/www.een-istanbul.org\/wp-content\/uploads\/2024\/06\/finansman-scaled.jpeg","type":"image\/jpeg"}],"twitter_card":"summary_large_image","twitter_misc":{"Est. reading time":"3 minutes"},"schema":{"@context":"https:\/\/schema.org","@graph":[{"@type":"WebPage","@id":"https:\/\/www.een-istanbul.org\/finansmana-erisim\/","url":"https:\/\/www.een-istanbul.org\/finansmana-erisim\/","name":"Finansmana Eri\u015fim - AIA - Avrupa \u0130\u015fletmeleri A\u011f\u0131","isPartOf":{"@id":"https:\/\/www.een-istanbul.org\/#website"},"primaryImageOfPage":{"@id":"https:\/\/www.een-istanbul.org\/finansmana-erisim\/#primaryimage"},"image":{"@id":"https:\/\/www.een-istanbul.org\/finansmana-erisim\/#primaryimage"},"thumbnailUrl":"https:\/\/www.een-istanbul.org\/wp-content\/uploads\/2024\/06\/finansman-scaled.jpeg","datePublished":"2024-06-03T14:21:58+00:00","dateModified":"2024-07-29T23:51:07+00:00","breadcrumb":{"@id":"https:\/\/www.een-istanbul.org\/finansmana-erisim\/#breadcrumb"},"inLanguage":"en-US","potentialAction":[{"@type":"ReadAction","target":["https:\/\/www.een-istanbul.org\/finansmana-erisim\/"]}]},{"@type":"ImageObject","inLanguage":"en-US","@id":"https:\/\/www.een-istanbul.org\/finansmana-erisim\/#primaryimage","url":"https:\/\/www.een-istanbul.org\/wp-content\/uploads\/2024\/06\/finansman-scaled.jpeg","contentUrl":"https:\/\/www.een-istanbul.org\/wp-content\/uploads\/2024\/06\/finansman-scaled.jpeg","width":2560,"height":1707,"caption":"finansman"},{"@type":"BreadcrumbList","@id":"https:\/\/www.een-istanbul.org\/finansmana-erisim\/#breadcrumb","itemListElement":[{"@type":"ListItem","position":1,"name":"Home","item":"https:\/\/www.een-istanbul.org\/"},{"@type":"ListItem","position":2,"name":"Finansmana Eri\u015fim"}]},{"@type":"WebSite","@id":"https:\/\/www.een-istanbul.org\/#website","url":"https:\/\/www.een-istanbul.org\/","name":"AIA - Avrupa \u0130\u015fletmeleri A\u011f\u0131","description":"","publisher":{"@id":"https:\/\/www.een-istanbul.org\/#organization"},"potentialAction":[{"@type":"SearchAction","target":{"@type":"EntryPoint","urlTemplate":"https:\/\/www.een-istanbul.org\/?s={search_term_string}"},"query-input":{"@type":"PropertyValueSpecification","valueRequired":true,"valueName":"search_term_string"}}],"inLanguage":"en-US"},{"@type":"Organization","@id":"https:\/\/www.een-istanbul.org\/#organization","name":"AIA - Avrupa \u0130\u015fletmeleri A\u011f\u0131","url":"https:\/\/www.een-istanbul.org\/","logo":{"@type":"ImageObject","inLanguage":"en-US","@id":"https:\/\/www.een-istanbul.org\/#\/schema\/logo\/image\/","url":"https:\/\/www.een-istanbul.org\/wp-content\/uploads\/2024\/05\/EEN_logo_RGB_HORIZ_negative-header_0.png","contentUrl":"https:\/\/www.een-istanbul.org\/wp-content\/uploads\/2024\/05\/EEN_logo_RGB_HORIZ_negative-header_0.png","width":190,"height":72,"caption":"AIA - Avrupa \u0130\u015fletmeleri A\u011f\u0131"},"image":{"@id":"https:\/\/www.een-istanbul.org\/#\/schema\/logo\/image\/"}}]}},"acf":[],"_links":{"self":[{"href":"https:\/\/www.een-istanbul.org\/en\/wp-json\/wp\/v2\/pages\/579","targetHints":{"allow":["GET"]}}],"collection":[{"href":"https:\/\/www.een-istanbul.org\/en\/wp-json\/wp\/v2\/pages"}],"about":[{"href":"https:\/\/www.een-istanbul.org\/en\/wp-json\/wp\/v2\/types\/page"}],"author":[{"embeddable":true,"href":"https:\/\/www.een-istanbul.org\/en\/wp-json\/wp\/v2\/users\/1"}],"replies":[{"embeddable":true,"href":"https:\/\/www.een-istanbul.org\/en\/wp-json\/wp\/v2\/comments?post=579"}],"version-history":[{"count":16,"href":"https:\/\/www.een-istanbul.org\/en\/wp-json\/wp\/v2\/pages\/579\/revisions"}],"predecessor-version":[{"id":1248,"href":"https:\/\/www.een-istanbul.org\/en\/wp-json\/wp\/v2\/pages\/579\/revisions\/1248"}],"wp:featuredmedia":[{"embeddable":true,"href":"https:\/\/www.een-istanbul.org\/en\/wp-json\/wp\/v2\/media\/532"}],"wp:attachment":[{"href":"https:\/\/www.een-istanbul.org\/en\/wp-json\/wp\/v2\/media?parent=579"}],"curies":[{"name":"wp","href":"https:\/\/api.w.org\/{rel}","templated":true}]}}