{"id":681,"date":"2024-06-03T18:11:09","date_gmt":"2024-06-03T15:11:09","guid":{"rendered":"https:\/\/www.een-istanbul.org\/?page_id=681"},"modified":"2024-06-03T18:13:54","modified_gmt":"2024-06-03T15:13:54","slug":"iso-akademi","status":"publish","type":"page","link":"https:\/\/www.een-istanbul.org\/en\/iso-academy\/","title":{"rendered":"ICI Academy"},"content":{"rendered":"<div data-elementor-type=\"wp-page\" data-elementor-id=\"681\" class=\"elementor elementor-681\" data-elementor-post-type=\"page\">\n\t\t\t\t<div class=\"elementor-element elementor-element-71f45494 service-header e-flex e-con-boxed e-con e-parent\" data-id=\"71f45494\" data-element_type=\"container\" data-settings=\"{&quot;background_background&quot;:&quot;classic&quot;}\">\n\t\t\t\t\t<div class=\"e-con-inner\">\n\t\t<div class=\"elementor-element elementor-element-43f70ce5 service-header-title e-flex e-con-boxed e-con e-child\" data-id=\"43f70ce5\" data-element_type=\"container\">\n\t\t\t\t\t<div class=\"e-con-inner\">\n\t\t\t\t<div class=\"elementor-element elementor-element-125fd6ee elementor-widget elementor-widget-heading\" data-id=\"125fd6ee\" data-element_type=\"widget\" data-widget_type=\"heading.default\">\n\t\t\t\t<div class=\"elementor-widget-container\">\n\t\t\t\t\t<h1 class=\"elementor-heading-title elementor-size-default\">ICI Academy<\/h1>\t\t\t\t<\/div>\n\t\t\t\t<\/div>\n\t\t\t\t\t<\/div>\n\t\t\t\t<\/div>\n\t\t\t\t\t<\/div>\n\t\t\t\t<\/div>\n\t\t<div class=\"elementor-element elementor-element-4984cacc e-flex e-con-boxed e-con e-parent\" data-id=\"4984cacc\" data-element_type=\"container\">\n\t\t\t\t\t<div class=\"e-con-inner\">\n\t\t\t\t<div class=\"elementor-element elementor-element-2980519 elementor-widget elementor-widget-text-editor\" data-id=\"2980519\" data-element_type=\"widget\" data-widget_type=\"text-editor.default\">\n\t\t\t\t<div class=\"elementor-widget-container\">\n\t\t\t\t\t\t\t\t\t<p>ICI Academy aims to increase the competitiveness of companies, contribute to their sustainable growth performance, and improve their corporate and managerial capacities by improving the personal competencies and technical capacities of employees through the sharing of the most up-to-date and qualified information. trainings contribute to our country's need for trained human resources, but also offers a visionary perspective to the participants.<\/p><p>ICI Academy develops and implements Training, Webinar, Training Programs, Micro MBA and E-Learning programs in different fields. Activities are managed with an integrated approach in unity of direction under the ICI Academy structure.<\/p><p>The developed education - online education - micro-MBA activities are carried out with the most accurate content by the most competent instructors and academicians in their field.\n<br \/><br \/>\nIn 2023, we delivered 376 programs totalling 1616.5 hours of training, reaching 59,348 participants. \n<br \/>\nIn the evaluation made among the participants, an average satisfaction rate of 90% was reached.<\/p><p class=\"translation-block\"><a href=\"https:\/\/dashboard.isoakademi.com\/Uploads\/Files\/EGITIM202225EKIM.pdf\" target=\"_self\">Click to<\/a> see all the training topics we have provided in the categories of do it together, improve yourself, connect to your work and prepare for the future.<\/p><p>Trainings and online trainings are organized on topics such as personal development, digitalization, technology, innovation, leadership, e-commerce, economy, finance, health, insurance, sales and marketing.<\/p>\t\t\t\t\t\t\t\t<\/div>\n\t\t\t\t<\/div>\n\t\t\t\t<div class=\"elementor-element elementor-element-8146d72 elementor-widget elementor-widget-text-editor\" data-id=\"8146d72\" data-element_type=\"widget\" data-widget_type=\"text-editor.default\">\n\t\t\t\t<div class=\"elementor-widget-container\">\n\t\t\t\t\t\t\t\t\t<p><strong>The training programs and Micro MBA titles offered at ICI Academy are as follows.<\/strong><\/p>\t\t\t\t\t\t\t\t<\/div>\n\t\t\t\t<\/div>\n\t\t\t\t<div class=\"elementor-element elementor-element-ee39ed0 elementor-widget elementor-widget-text-editor\" data-id=\"ee39ed0\" data-element_type=\"widget\" data-widget_type=\"text-editor.default\">\n\t\t\t\t<div class=\"elementor-widget-container\">\n\t\t\t\t\t\t\t\t\t<ul><li><p>Foreign Trade Micro MBA<\/p><\/li><li><p>Digital Transformation Micro MBA<\/p><\/li><li><p>Digital HR Micro MBA<\/p><\/li><li><p>E-Export Micro MBA<\/p><\/li><li><p>Energy Efficiency Micro MBA<\/p><\/li><li><p>E-commerce Micro MBA<\/p><\/li><li><p>Human Resources Manager Development Program<\/p><\/li><li><p>Corporate Finance Micro MBA<\/p><\/li><li><p>Corporate UX Training Program<\/p><\/li><li><p>Brand School Program<\/p><\/li><li><p>Customer Experience Improvement Program<\/p><\/li><li><p>Operational Excellence Micro MBA<\/p><\/li><li><p>Marketing Micro MBA<\/p><\/li><li><p>Basic Quality Training Program in Health Industry<\/p><\/li><li><p>Disaster Management and Business Continuity Certificate Program in Industrial Facilities<\/p><\/li><li><p>Strategic Purchasing and Supply Chain Management<\/p><\/li><li><p>Sustainable Finance Micro MBA<\/p><\/li><li><p>Sustainability Micro MBA<\/p><\/li><li><p>Production Engineer Development Program<\/p><\/li><li><p>Fundamentals of Production Micro MBA<\/p><\/li><li><p>Management to Leadership Transition Program<\/p><\/li><li><p>Doing Business with Rising China<\/p><\/li><\/ul>\t\t\t\t\t\t\t\t<\/div>\n\t\t\t\t<\/div>\n\t\t\t\t<div class=\"elementor-element elementor-element-689c65c elementor-widget elementor-widget-text-editor\" data-id=\"689c65c\" data-element_type=\"widget\" data-widget_type=\"text-editor.default\">\n\t\t\t\t<div class=\"elementor-widget-container\">\n\t\t\t\t\t\t\t\t\t<p class=\"translation-block\">Visit <a href=\"https:\/\/www.isoakademi.com\/\" target=\"_self\">our website<\/a> to learn more about our programs and to register for a course.<\/p><p class=\"translation-block\"><a href=\"mailto:akademi@iso.org.tr\" target=\"_self\">Contact us<\/a> for more information or to discuss your specific training needs.<\/p>\t\t\t\t\t\t\t\t<\/div>\n\t\t\t\t<\/div>\n\t\t\t\t\t<\/div>\n\t\t\t\t<\/div>\n\t\t\t\t<\/div>","protected":false},"excerpt":{"rendered":"<p>\u0130SO Akademi \u0130SO Akademi \u00e7al\u0131\u015fanlar\u0131n ki\u015fisel yetkinliklerini, teknik kapasitelerini, en g\u00fcncel ve nitelikli bilgi payla\u015f\u0131mlar\u0131yla geli\u015ftirerek, firmalar\u0131n rekabet g\u00fc\u00e7lerini art\u0131rmay\u0131, s\u00fcrd\u00fcr\u00fclebilir b\u00fcy\u00fcme performanslar\u0131na katk\u0131da bulunmay\u0131, kurumsal ve y\u00f6netsel kapasitelerini geli\u015ftirmeyi [&hellip;]<\/p>","protected":false},"author":1,"featured_media":551,"parent":0,"menu_order":0,"comment_status":"closed","ping_status":"closed","template":"","meta":{"_acf_changed":false,"footnotes":""},"class_list":["post-681","page","type-page","status-publish","has-post-thumbnail","hentry"],"yoast_head":"<!-- This site is optimized with the Yoast SEO plugin v24.6 - https:\/\/yoast.com\/wordpress\/plugins\/seo\/ -->\n<title>\u0130SO Akademi - AIA - Avrupa \u0130\u015fletmeleri A\u011f\u0131<\/title>\n<meta name=\"robots\" content=\"index, follow, max-snippet:-1, max-image-preview:large, max-video-preview:-1\" \/>\n<link rel=\"canonical\" href=\"https:\/\/www.een-istanbul.org\/en\/iso-academy\/\" \/>\n<meta property=\"og:locale\" content=\"en_US\" \/>\n<meta property=\"og:type\" content=\"article\" \/>\n<meta property=\"og:title\" content=\"\u0130SO Akademi - AIA - Avrupa \u0130\u015fletmeleri A\u011f\u0131\" \/>\n<meta property=\"og:description\" content=\"\u0130SO Akademi \u0130SO Akademi \u00e7al\u0131\u015fanlar\u0131n ki\u015fisel yetkinliklerini, teknik kapasitelerini, en g\u00fcncel ve nitelikli bilgi payla\u015f\u0131mlar\u0131yla geli\u015ftirerek, firmalar\u0131n rekabet g\u00fc\u00e7lerini art\u0131rmay\u0131, s\u00fcrd\u00fcr\u00fclebilir b\u00fcy\u00fcme performanslar\u0131na katk\u0131da bulunmay\u0131, kurumsal ve y\u00f6netsel kapasitelerini geli\u015ftirmeyi [&hellip;]\" \/>\n<meta property=\"og:url\" content=\"https:\/\/www.een-istanbul.org\/en\/iso-academy\/\" \/>\n<meta property=\"og:site_name\" content=\"AIA - Avrupa \u0130\u015fletmeleri A\u011f\u0131\" \/>\n<meta property=\"article:modified_time\" content=\"2024-06-03T15:13:54+00:00\" \/>\n<meta property=\"og:image\" content=\"https:\/\/www.een-istanbul.org\/wp-content\/uploads\/2024\/06\/isoakademi.jpg\" \/>\n\t<meta property=\"og:image:width\" content=\"1920\" \/>\n\t<meta property=\"og:image:height\" content=\"1280\" \/>\n\t<meta property=\"og:image:type\" content=\"image\/jpeg\" \/>\n<meta name=\"twitter:card\" content=\"summary_large_image\" \/>\n<meta name=\"twitter:label1\" content=\"Est. reading time\" \/>\n\t<meta name=\"twitter:data1\" content=\"2 minutes\" \/>\n<script type=\"application\/ld+json\" class=\"yoast-schema-graph\">{\"@context\":\"https:\/\/schema.org\",\"@graph\":[{\"@type\":\"WebPage\",\"@id\":\"https:\/\/www.een-istanbul.org\/iso-akademi\/\",\"url\":\"https:\/\/www.een-istanbul.org\/iso-akademi\/\",\"name\":\"\u0130SO Akademi - AIA - Avrupa \u0130\u015fletmeleri A\u011f\u0131\",\"isPartOf\":{\"@id\":\"https:\/\/www.een-istanbul.org\/#website\"},\"primaryImageOfPage\":{\"@id\":\"https:\/\/www.een-istanbul.org\/iso-akademi\/#primaryimage\"},\"image\":{\"@id\":\"https:\/\/www.een-istanbul.org\/iso-akademi\/#primaryimage\"},\"thumbnailUrl\":\"https:\/\/www.een-istanbul.org\/wp-content\/uploads\/2024\/06\/isoakademi.jpg\",\"datePublished\":\"2024-06-03T15:11:09+00:00\",\"dateModified\":\"2024-06-03T15:13:54+00:00\",\"breadcrumb\":{\"@id\":\"https:\/\/www.een-istanbul.org\/iso-akademi\/#breadcrumb\"},\"inLanguage\":\"en-US\",\"potentialAction\":[{\"@type\":\"ReadAction\",\"target\":[\"https:\/\/www.een-istanbul.org\/iso-akademi\/\"]}]},{\"@type\":\"ImageObject\",\"inLanguage\":\"en-US\",\"@id\":\"https:\/\/www.een-istanbul.org\/iso-akademi\/#primaryimage\",\"url\":\"https:\/\/www.een-istanbul.org\/wp-content\/uploads\/2024\/06\/isoakademi.jpg\",\"contentUrl\":\"https:\/\/www.een-istanbul.org\/wp-content\/uploads\/2024\/06\/isoakademi.jpg\",\"width\":1920,\"height\":1280,\"caption\":\"\u0130SO Akademi\"},{\"@type\":\"BreadcrumbList\",\"@id\":\"https:\/\/www.een-istanbul.org\/iso-akademi\/#breadcrumb\",\"itemListElement\":[{\"@type\":\"ListItem\",\"position\":1,\"name\":\"Home\",\"item\":\"https:\/\/www.een-istanbul.org\/\"},{\"@type\":\"ListItem\",\"position\":2,\"name\":\"\u0130SO Akademi\"}]},{\"@type\":\"WebSite\",\"@id\":\"https:\/\/www.een-istanbul.org\/#website\",\"url\":\"https:\/\/www.een-istanbul.org\/\",\"name\":\"AIA - Avrupa \u0130\u015fletmeleri A\u011f\u0131\",\"description\":\"\",\"publisher\":{\"@id\":\"https:\/\/www.een-istanbul.org\/#organization\"},\"potentialAction\":[{\"@type\":\"SearchAction\",\"target\":{\"@type\":\"EntryPoint\",\"urlTemplate\":\"https:\/\/www.een-istanbul.org\/?s={search_term_string}\"},\"query-input\":{\"@type\":\"PropertyValueSpecification\",\"valueRequired\":true,\"valueName\":\"search_term_string\"}}],\"inLanguage\":\"en-US\"},{\"@type\":\"Organization\",\"@id\":\"https:\/\/www.een-istanbul.org\/#organization\",\"name\":\"AIA - Avrupa \u0130\u015fletmeleri A\u011f\u0131\",\"url\":\"https:\/\/www.een-istanbul.org\/\",\"logo\":{\"@type\":\"ImageObject\",\"inLanguage\":\"en-US\",\"@id\":\"https:\/\/www.een-istanbul.org\/#\/schema\/logo\/image\/\",\"url\":\"https:\/\/www.een-istanbul.org\/wp-content\/uploads\/2024\/05\/EEN_logo_RGB_HORIZ_negative-header_0.png\",\"contentUrl\":\"https:\/\/www.een-istanbul.org\/wp-content\/uploads\/2024\/05\/EEN_logo_RGB_HORIZ_negative-header_0.png\",\"width\":190,\"height\":72,\"caption\":\"AIA - Avrupa \u0130\u015fletmeleri A\u011f\u0131\"},\"image\":{\"@id\":\"https:\/\/www.een-istanbul.org\/#\/schema\/logo\/image\/\"}}]}<\/script>\n<!-- \/ Yoast SEO plugin. -->","yoast_head_json":{"title":"\u0130SO Akademi - AIA - Avrupa \u0130\u015fletmeleri A\u011f\u0131","robots":{"index":"index","follow":"follow","max-snippet":"max-snippet:-1","max-image-preview":"max-image-preview:large","max-video-preview":"max-video-preview:-1"},"canonical":"https:\/\/www.een-istanbul.org\/en\/iso-academy\/","og_locale":"en_US","og_type":"article","og_title":"\u0130SO Akademi - AIA - Avrupa \u0130\u015fletmeleri A\u011f\u0131","og_description":"\u0130SO Akademi \u0130SO Akademi \u00e7al\u0131\u015fanlar\u0131n ki\u015fisel yetkinliklerini, teknik kapasitelerini, en g\u00fcncel ve nitelikli bilgi payla\u015f\u0131mlar\u0131yla geli\u015ftirerek, firmalar\u0131n rekabet g\u00fc\u00e7lerini art\u0131rmay\u0131, s\u00fcrd\u00fcr\u00fclebilir b\u00fcy\u00fcme performanslar\u0131na katk\u0131da bulunmay\u0131, kurumsal ve y\u00f6netsel kapasitelerini geli\u015ftirmeyi [&hellip;]","og_url":"https:\/\/www.een-istanbul.org\/en\/iso-academy\/","og_site_name":"AIA - Avrupa \u0130\u015fletmeleri A\u011f\u0131","article_modified_time":"2024-06-03T15:13:54+00:00","og_image":[{"width":1920,"height":1280,"url":"https:\/\/www.een-istanbul.org\/wp-content\/uploads\/2024\/06\/isoakademi.jpg","type":"image\/jpeg"}],"twitter_card":"summary_large_image","twitter_misc":{"Est. reading time":"2 minutes"},"schema":{"@context":"https:\/\/schema.org","@graph":[{"@type":"WebPage","@id":"https:\/\/www.een-istanbul.org\/iso-akademi\/","url":"https:\/\/www.een-istanbul.org\/iso-akademi\/","name":"\u0130SO Akademi - AIA - Avrupa \u0130\u015fletmeleri A\u011f\u0131","isPartOf":{"@id":"https:\/\/www.een-istanbul.org\/#website"},"primaryImageOfPage":{"@id":"https:\/\/www.een-istanbul.org\/iso-akademi\/#primaryimage"},"image":{"@id":"https:\/\/www.een-istanbul.org\/iso-akademi\/#primaryimage"},"thumbnailUrl":"https:\/\/www.een-istanbul.org\/wp-content\/uploads\/2024\/06\/isoakademi.jpg","datePublished":"2024-06-03T15:11:09+00:00","dateModified":"2024-06-03T15:13:54+00:00","breadcrumb":{"@id":"https:\/\/www.een-istanbul.org\/iso-akademi\/#breadcrumb"},"inLanguage":"en-US","potentialAction":[{"@type":"ReadAction","target":["https:\/\/www.een-istanbul.org\/iso-akademi\/"]}]},{"@type":"ImageObject","inLanguage":"en-US","@id":"https:\/\/www.een-istanbul.org\/iso-akademi\/#primaryimage","url":"https:\/\/www.een-istanbul.org\/wp-content\/uploads\/2024\/06\/isoakademi.jpg","contentUrl":"https:\/\/www.een-istanbul.org\/wp-content\/uploads\/2024\/06\/isoakademi.jpg","width":1920,"height":1280,"caption":"\u0130SO Akademi"},{"@type":"BreadcrumbList","@id":"https:\/\/www.een-istanbul.org\/iso-akademi\/#breadcrumb","itemListElement":[{"@type":"ListItem","position":1,"name":"Home","item":"https:\/\/www.een-istanbul.org\/"},{"@type":"ListItem","position":2,"name":"\u0130SO Akademi"}]},{"@type":"WebSite","@id":"https:\/\/www.een-istanbul.org\/#website","url":"https:\/\/www.een-istanbul.org\/","name":"AIA - Avrupa \u0130\u015fletmeleri A\u011f\u0131","description":"","publisher":{"@id":"https:\/\/www.een-istanbul.org\/#organization"},"potentialAction":[{"@type":"SearchAction","target":{"@type":"EntryPoint","urlTemplate":"https:\/\/www.een-istanbul.org\/?s={search_term_string}"},"query-input":{"@type":"PropertyValueSpecification","valueRequired":true,"valueName":"search_term_string"}}],"inLanguage":"en-US"},{"@type":"Organization","@id":"https:\/\/www.een-istanbul.org\/#organization","name":"AIA - Avrupa \u0130\u015fletmeleri A\u011f\u0131","url":"https:\/\/www.een-istanbul.org\/","logo":{"@type":"ImageObject","inLanguage":"en-US","@id":"https:\/\/www.een-istanbul.org\/#\/schema\/logo\/image\/","url":"https:\/\/www.een-istanbul.org\/wp-content\/uploads\/2024\/05\/EEN_logo_RGB_HORIZ_negative-header_0.png","contentUrl":"https:\/\/www.een-istanbul.org\/wp-content\/uploads\/2024\/05\/EEN_logo_RGB_HORIZ_negative-header_0.png","width":190,"height":72,"caption":"AIA - Avrupa \u0130\u015fletmeleri A\u011f\u0131"},"image":{"@id":"https:\/\/www.een-istanbul.org\/#\/schema\/logo\/image\/"}}]}},"acf":[],"_links":{"self":[{"href":"https:\/\/www.een-istanbul.org\/en\/wp-json\/wp\/v2\/pages\/681","targetHints":{"allow":["GET"]}}],"collection":[{"href":"https:\/\/www.een-istanbul.org\/en\/wp-json\/wp\/v2\/pages"}],"about":[{"href":"https:\/\/www.een-istanbul.org\/en\/wp-json\/wp\/v2\/types\/page"}],"author":[{"embeddable":true,"href":"https:\/\/www.een-istanbul.org\/en\/wp-json\/wp\/v2\/users\/1"}],"replies":[{"embeddable":true,"href":"https:\/\/www.een-istanbul.org\/en\/wp-json\/wp\/v2\/comments?post=681"}],"version-history":[{"count":4,"href":"https:\/\/www.een-istanbul.org\/en\/wp-json\/wp\/v2\/pages\/681\/revisions"}],"predecessor-version":[{"id":685,"href":"https:\/\/www.een-istanbul.org\/en\/wp-json\/wp\/v2\/pages\/681\/revisions\/685"}],"wp:featuredmedia":[{"embeddable":true,"href":"https:\/\/www.een-istanbul.org\/en\/wp-json\/wp\/v2\/media\/551"}],"wp:attachment":[{"href":"https:\/\/www.een-istanbul.org\/en\/wp-json\/wp\/v2\/media?parent=681"}],"curies":[{"name":"wp","href":"https:\/\/api.w.org\/{rel}","templated":true}]}}