{"id":70,"date":"2024-05-29T02:15:48","date_gmt":"2024-05-28T23:15:48","guid":{"rendered":"https:\/\/www.een-istanbul.org\/services\/"},"modified":"2024-06-25T18:51:28","modified_gmt":"2024-06-25T15:51:28","slug":"hizmetlerimiz","status":"publish","type":"page","link":"https:\/\/www.een-istanbul.org\/en\/services\/","title":{"rendered":"Services"},"content":{"rendered":"<div data-elementor-type=\"wp-page\" data-elementor-id=\"70\" class=\"elementor elementor-70\" data-elementor-post-type=\"page\">\n\t\t\t\t<div class=\"elementor-element elementor-element-1b643ce7 e-con-full e-flex e-con e-parent\" data-id=\"1b643ce7\" data-element_type=\"container\">\n\t\t<div class=\"elementor-element elementor-element-eb7708b e-con-full e-flex e-con e-child\" data-id=\"eb7708b\" data-element_type=\"container\" data-settings=\"{&quot;background_background&quot;:&quot;classic&quot;}\">\n\t\t\t\t<div class=\"elementor-element elementor-element-65f4f98 elementor-widget elementor-widget-heading\" data-id=\"65f4f98\" data-element_type=\"widget\" data-widget_type=\"heading.default\">\n\t\t\t\t<div class=\"elementor-widget-container\">\n\t\t\t\t\t<h1 class=\"elementor-heading-title elementor-size-default\">Enterprise Europe Network helps with<\/h1>\t\t\t\t<\/div>\n\t\t\t\t<\/div>\n\t\t<div class=\"elementor-element elementor-element-9fbf0c2 e-con-full e-flex e-con e-child\" data-id=\"9fbf0c2\" data-element_type=\"container\">\n\t\t<div class=\"elementor-element elementor-element-37f1579 e-flex e-con-boxed e-con e-child\" data-id=\"37f1579\" data-element_type=\"container\">\n\t\t\t\t\t<div class=\"e-con-inner\">\n\t\t\t\t<div class=\"elementor-element elementor-element-dfdbe4e elementor-widget elementor-widget-wiloke-filter-cards-manually\" data-id=\"dfdbe4e\" data-element_type=\"widget\" data-widget_type=\"wiloke-filter-cards-manually.default\">\n\t\t\t\t<div class=\"elementor-widget-container\">\n\t\t\t\t\t        <div class=\"wiloke-filter-card-hero-section\">\n            <div class=\"wiloke-filter-card-grid\">\n\t\t\t\t        <a class=\"wiloke-filter-card-item\"\n           rel=\"dofollow\"\n           target=\"_self\"\n           href=\"https:\/\/www.een-istanbul.org\/en\/sustainability\/\">\n            <div class=\"wil-filter-card__background\" style=\"background-image: url(https:\/\/www.een-istanbul.org\/wp-content\/uploads\/2024\/05\/sustainability-1024x683.jpeg)\"><\/div>\n            <div class=\"wil-filter-card__content\">\n\t\t\t\t                <h5 class=\"wil-filter-card__heading\">Sustainability<\/h5>\n            <\/div>\n        <\/a>\n\t\t        <a class=\"wiloke-filter-card-item\"\n           rel=\"dofollow\"\n           target=\"_self\"\n           href=\"https:\/\/www.een-istanbul.org\/en\/digitalization\/\">\n            <div class=\"wil-filter-card__background\" style=\"background-image: url(https:\/\/www.een-istanbul.org\/wp-content\/uploads\/2024\/05\/digitalism2-1024x576.jpeg)\"><\/div>\n            <div class=\"wil-filter-card__content\">\n\t\t\t\t                <h5 class=\"wil-filter-card__heading\">Digitalisation<\/h5>\n            <\/div>\n        <\/a>\n\t\t        <a class=\"wiloke-filter-card-item\"\n           rel=\"dofollow\"\n           target=\"_self\"\n           href=\"https:\/\/www.een-istanbul.org\/en\/internationalization\/\">\n            <div class=\"wil-filter-card__background\" style=\"background-image: url(https:\/\/www.een-istanbul.org\/wp-content\/uploads\/2024\/05\/international-1024x735.jpeg)\"><\/div>\n            <div class=\"wil-filter-card__content\">\n\t\t\t\t                <h5 class=\"wil-filter-card__heading\">Internationalisation<\/h5>\n            <\/div>\n        <\/a>\n\t\t        <a class=\"wiloke-filter-card-item\"\n           rel=\"dofollow\"\n           target=\"_self\"\n           href=\"https:\/\/www.een-istanbul.org\/en\/innovation\/\">\n            <div class=\"wil-filter-card__background\" style=\"background-image: url(https:\/\/www.een-istanbul.org\/wp-content\/uploads\/2024\/05\/inovasyon-1024x681.jpg)\"><\/div>\n            <div class=\"wil-filter-card__content\">\n\t\t\t\t                <h5 class=\"wil-filter-card__heading\">Innovation<\/h5>\n            <\/div>\n        <\/a>\n\t\t        <a class=\"wiloke-filter-card-item\"\n           rel=\"dofollow\"\n           target=\"_self\"\n           href=\"https:\/\/www.een-istanbul.org\/en\/access-to-finance\/\">\n            <div class=\"wil-filter-card__background\" style=\"background-image: url(https:\/\/www.een-istanbul.org\/wp-content\/uploads\/2024\/06\/finansman-1024x683.jpeg)\"><\/div>\n            <div class=\"wil-filter-card__content\">\n\t\t\t\t                <h5 class=\"wil-filter-card__heading\">Access to Finance<\/h5>\n            <\/div>\n        <\/a>\n\t\t        <a class=\"wiloke-filter-card-item\"\n           rel=\"dofollow\"\n           target=\"_self\"\n           href=\"https:\/\/www.een-istanbul.org\/en\/eu-single-market\/\">\n            <div class=\"wil-filter-card__background\" style=\"background-image: url(https:\/\/www.een-istanbul.org\/wp-content\/uploads\/2024\/06\/eutrmarket_ana-810x1024.jpg)\"><\/div>\n            <div class=\"wil-filter-card__content\">\n\t\t\t\t                <h5 class=\"wil-filter-card__heading\">EU Single Market<\/h5>\n            <\/div>\n        <\/a>\n\t\t        <a class=\"wiloke-filter-card-item\"\n           rel=\"dofollow\"\n           target=\"_self\"\n           href=\"https:\/\/www.een-istanbul.org\/en\/ortaklik-firsatlari\/\">\n            <div class=\"wil-filter-card__background\" style=\"background-image: url(https:\/\/www.een-istanbul.org\/wp-content\/uploads\/2024\/06\/Is-Ortakliklari-1024x683.jpeg)\"><\/div>\n            <div class=\"wil-filter-card__content\">\n\t\t\t\t                <h5 class=\"wil-filter-card__heading\">Partnering Services<\/h5>\n            <\/div>\n        <\/a>\n\t\t        <a class=\"wiloke-filter-card-item\"\n           rel=\"dofollow\"\n           target=\"_self\"\n           href=\"https:\/\/www.een-istanbul.org\/en\/iso-academy\/\">\n            <div class=\"wil-filter-card__background\" style=\"background-image: url(https:\/\/www.een-istanbul.org\/wp-content\/uploads\/2024\/06\/isoakademi-1024x683.jpg)\"><\/div>\n            <div class=\"wil-filter-card__content\">\n\t\t\t\t                <h5 class=\"wil-filter-card__heading\">ICI Academy<\/h5>\n            <\/div>\n        <\/a>\n\t\t            <\/div>\n        <\/div>\n\t\t\t\t\t\t<\/div>\n\t\t\t\t<\/div>\n\t\t\t\t\t<\/div>\n\t\t\t\t<\/div>\n\t\t\t\t<\/div>\n\t\t\t\t<\/div>\n\t\t\t\t<\/div>\n\t\t\t\t<\/div>","protected":false},"excerpt":{"rendered":"<p>Explore EEN's comprehensive service areas including Sustainability, Digitalization, Internationalization, Innovation, Access to Finance, EU Single Market, Business Partnerships, and ISO Academy.<\/p>","protected":false},"author":1,"featured_media":73,"parent":0,"menu_order":0,"comment_status":"closed","ping_status":"closed","template":"","meta":{"_acf_changed":false,"footnotes":""},"class_list":["post-70","page","type-page","status-publish","has-post-thumbnail","hentry"],"yoast_head":"<!-- This site is optimized with the Yoast SEO plugin v24.6 - https:\/\/yoast.com\/wordpress\/plugins\/seo\/ -->\n<title>Hizmetlerimiz - AIA - Avrupa \u0130\u015fletmeleri A\u011f\u0131<\/title>\n<meta name=\"robots\" content=\"index, follow, max-snippet:-1, max-image-preview:large, max-video-preview:-1\" \/>\n<link rel=\"canonical\" href=\"https:\/\/www.een-istanbul.org\/en\/services\/\" \/>\n<meta property=\"og:locale\" content=\"en_US\" \/>\n<meta property=\"og:type\" content=\"article\" \/>\n<meta property=\"og:title\" content=\"Hizmetlerimiz - AIA - Avrupa \u0130\u015fletmeleri A\u011f\u0131\" \/>\n<meta property=\"og:description\" content=\"Hizmet Alanlar\u0131m\u0131z S\u00fcrd\u00fcr\u00fclebilirlik Dijitalle\u015fme Uluslararas\u0131la\u015fma \u0130novasyon Finansmana Eri\u015fim AB Tek Pazar \u0130\u015f Ortakl\u0131klar\u0131 \u0130SO Akademi\" \/>\n<meta property=\"og:url\" content=\"https:\/\/www.een-istanbul.org\/en\/services\/\" \/>\n<meta property=\"og:site_name\" content=\"AIA - Avrupa \u0130\u015fletmeleri A\u011f\u0131\" \/>\n<meta property=\"article:modified_time\" content=\"2024-06-25T15:51:28+00:00\" \/>\n<meta property=\"og:image\" content=\"https:\/\/www.een-istanbul.org\/wp-content\/uploads\/2024\/05\/TheNetwork_Banner_2000_-4.jpg\" \/>\n\t<meta property=\"og:image:width\" content=\"1650\" \/>\n\t<meta property=\"og:image:height\" content=\"413\" \/>\n\t<meta property=\"og:image:type\" content=\"image\/jpeg\" \/>\n<meta name=\"twitter:card\" content=\"summary_large_image\" \/>\n<script type=\"application\/ld+json\" class=\"yoast-schema-graph\">{\"@context\":\"https:\/\/schema.org\",\"@graph\":[{\"@type\":\"WebPage\",\"@id\":\"https:\/\/www.een-istanbul.org\/hizmetlerimiz\/\",\"url\":\"https:\/\/www.een-istanbul.org\/hizmetlerimiz\/\",\"name\":\"Hizmetlerimiz - AIA - Avrupa \u0130\u015fletmeleri A\u011f\u0131\",\"isPartOf\":{\"@id\":\"https:\/\/www.een-istanbul.org\/#website\"},\"primaryImageOfPage\":{\"@id\":\"https:\/\/www.een-istanbul.org\/hizmetlerimiz\/#primaryimage\"},\"image\":{\"@id\":\"https:\/\/www.een-istanbul.org\/hizmetlerimiz\/#primaryimage\"},\"thumbnailUrl\":\"https:\/\/www.een-istanbul.org\/wp-content\/uploads\/2024\/05\/TheNetwork_Banner_2000_-4.jpg\",\"datePublished\":\"2024-05-28T23:15:48+00:00\",\"dateModified\":\"2024-06-25T15:51:28+00:00\",\"breadcrumb\":{\"@id\":\"https:\/\/www.een-istanbul.org\/hizmetlerimiz\/#breadcrumb\"},\"inLanguage\":\"en-US\",\"potentialAction\":[{\"@type\":\"ReadAction\",\"target\":[\"https:\/\/www.een-istanbul.org\/hizmetlerimiz\/\"]}]},{\"@type\":\"ImageObject\",\"inLanguage\":\"en-US\",\"@id\":\"https:\/\/www.een-istanbul.org\/hizmetlerimiz\/#primaryimage\",\"url\":\"https:\/\/www.een-istanbul.org\/wp-content\/uploads\/2024\/05\/TheNetwork_Banner_2000_-4.jpg\",\"contentUrl\":\"https:\/\/www.een-istanbul.org\/wp-content\/uploads\/2024\/05\/TheNetwork_Banner_2000_-4.jpg\",\"width\":1650,\"height\":413},{\"@type\":\"BreadcrumbList\",\"@id\":\"https:\/\/www.een-istanbul.org\/hizmetlerimiz\/#breadcrumb\",\"itemListElement\":[{\"@type\":\"ListItem\",\"position\":1,\"name\":\"Home\",\"item\":\"https:\/\/www.een-istanbul.org\/\"},{\"@type\":\"ListItem\",\"position\":2,\"name\":\"Hizmetlerimiz\"}]},{\"@type\":\"WebSite\",\"@id\":\"https:\/\/www.een-istanbul.org\/#website\",\"url\":\"https:\/\/www.een-istanbul.org\/\",\"name\":\"AIA - Avrupa \u0130\u015fletmeleri A\u011f\u0131\",\"description\":\"\",\"publisher\":{\"@id\":\"https:\/\/www.een-istanbul.org\/#organization\"},\"potentialAction\":[{\"@type\":\"SearchAction\",\"target\":{\"@type\":\"EntryPoint\",\"urlTemplate\":\"https:\/\/www.een-istanbul.org\/?s={search_term_string}\"},\"query-input\":{\"@type\":\"PropertyValueSpecification\",\"valueRequired\":true,\"valueName\":\"search_term_string\"}}],\"inLanguage\":\"en-US\"},{\"@type\":\"Organization\",\"@id\":\"https:\/\/www.een-istanbul.org\/#organization\",\"name\":\"AIA - Avrupa \u0130\u015fletmeleri A\u011f\u0131\",\"url\":\"https:\/\/www.een-istanbul.org\/\",\"logo\":{\"@type\":\"ImageObject\",\"inLanguage\":\"en-US\",\"@id\":\"https:\/\/www.een-istanbul.org\/#\/schema\/logo\/image\/\",\"url\":\"https:\/\/www.een-istanbul.org\/wp-content\/uploads\/2024\/05\/EEN_logo_RGB_HORIZ_negative-header_0.png\",\"contentUrl\":\"https:\/\/www.een-istanbul.org\/wp-content\/uploads\/2024\/05\/EEN_logo_RGB_HORIZ_negative-header_0.png\",\"width\":190,\"height\":72,\"caption\":\"AIA - Avrupa \u0130\u015fletmeleri A\u011f\u0131\"},\"image\":{\"@id\":\"https:\/\/www.een-istanbul.org\/#\/schema\/logo\/image\/\"}}]}<\/script>\n<!-- \/ Yoast SEO plugin. -->","yoast_head_json":{"title":"Hizmetlerimiz - AIA - Avrupa \u0130\u015fletmeleri A\u011f\u0131","robots":{"index":"index","follow":"follow","max-snippet":"max-snippet:-1","max-image-preview":"max-image-preview:large","max-video-preview":"max-video-preview:-1"},"canonical":"https:\/\/www.een-istanbul.org\/en\/services\/","og_locale":"en_US","og_type":"article","og_title":"Hizmetlerimiz - AIA - Avrupa \u0130\u015fletmeleri A\u011f\u0131","og_description":"Hizmet Alanlar\u0131m\u0131z S\u00fcrd\u00fcr\u00fclebilirlik Dijitalle\u015fme Uluslararas\u0131la\u015fma \u0130novasyon Finansmana Eri\u015fim AB Tek Pazar \u0130\u015f Ortakl\u0131klar\u0131 \u0130SO Akademi","og_url":"https:\/\/www.een-istanbul.org\/en\/services\/","og_site_name":"AIA - Avrupa \u0130\u015fletmeleri A\u011f\u0131","article_modified_time":"2024-06-25T15:51:28+00:00","og_image":[{"width":1650,"height":413,"url":"https:\/\/www.een-istanbul.org\/wp-content\/uploads\/2024\/05\/TheNetwork_Banner_2000_-4.jpg","type":"image\/jpeg"}],"twitter_card":"summary_large_image","schema":{"@context":"https:\/\/schema.org","@graph":[{"@type":"WebPage","@id":"https:\/\/www.een-istanbul.org\/hizmetlerimiz\/","url":"https:\/\/www.een-istanbul.org\/hizmetlerimiz\/","name":"Hizmetlerimiz - AIA - Avrupa \u0130\u015fletmeleri A\u011f\u0131","isPartOf":{"@id":"https:\/\/www.een-istanbul.org\/#website"},"primaryImageOfPage":{"@id":"https:\/\/www.een-istanbul.org\/hizmetlerimiz\/#primaryimage"},"image":{"@id":"https:\/\/www.een-istanbul.org\/hizmetlerimiz\/#primaryimage"},"thumbnailUrl":"https:\/\/www.een-istanbul.org\/wp-content\/uploads\/2024\/05\/TheNetwork_Banner_2000_-4.jpg","datePublished":"2024-05-28T23:15:48+00:00","dateModified":"2024-06-25T15:51:28+00:00","breadcrumb":{"@id":"https:\/\/www.een-istanbul.org\/hizmetlerimiz\/#breadcrumb"},"inLanguage":"en-US","potentialAction":[{"@type":"ReadAction","target":["https:\/\/www.een-istanbul.org\/hizmetlerimiz\/"]}]},{"@type":"ImageObject","inLanguage":"en-US","@id":"https:\/\/www.een-istanbul.org\/hizmetlerimiz\/#primaryimage","url":"https:\/\/www.een-istanbul.org\/wp-content\/uploads\/2024\/05\/TheNetwork_Banner_2000_-4.jpg","contentUrl":"https:\/\/www.een-istanbul.org\/wp-content\/uploads\/2024\/05\/TheNetwork_Banner_2000_-4.jpg","width":1650,"height":413},{"@type":"BreadcrumbList","@id":"https:\/\/www.een-istanbul.org\/hizmetlerimiz\/#breadcrumb","itemListElement":[{"@type":"ListItem","position":1,"name":"Home","item":"https:\/\/www.een-istanbul.org\/"},{"@type":"ListItem","position":2,"name":"Hizmetlerimiz"}]},{"@type":"WebSite","@id":"https:\/\/www.een-istanbul.org\/#website","url":"https:\/\/www.een-istanbul.org\/","name":"AIA - Avrupa \u0130\u015fletmeleri A\u011f\u0131","description":"","publisher":{"@id":"https:\/\/www.een-istanbul.org\/#organization"},"potentialAction":[{"@type":"SearchAction","target":{"@type":"EntryPoint","urlTemplate":"https:\/\/www.een-istanbul.org\/?s={search_term_string}"},"query-input":{"@type":"PropertyValueSpecification","valueRequired":true,"valueName":"search_term_string"}}],"inLanguage":"en-US"},{"@type":"Organization","@id":"https:\/\/www.een-istanbul.org\/#organization","name":"AIA - Avrupa \u0130\u015fletmeleri A\u011f\u0131","url":"https:\/\/www.een-istanbul.org\/","logo":{"@type":"ImageObject","inLanguage":"en-US","@id":"https:\/\/www.een-istanbul.org\/#\/schema\/logo\/image\/","url":"https:\/\/www.een-istanbul.org\/wp-content\/uploads\/2024\/05\/EEN_logo_RGB_HORIZ_negative-header_0.png","contentUrl":"https:\/\/www.een-istanbul.org\/wp-content\/uploads\/2024\/05\/EEN_logo_RGB_HORIZ_negative-header_0.png","width":190,"height":72,"caption":"AIA - Avrupa \u0130\u015fletmeleri A\u011f\u0131"},"image":{"@id":"https:\/\/www.een-istanbul.org\/#\/schema\/logo\/image\/"}}]}},"acf":[],"_links":{"self":[{"href":"https:\/\/www.een-istanbul.org\/en\/wp-json\/wp\/v2\/pages\/70","targetHints":{"allow":["GET"]}}],"collection":[{"href":"https:\/\/www.een-istanbul.org\/en\/wp-json\/wp\/v2\/pages"}],"about":[{"href":"https:\/\/www.een-istanbul.org\/en\/wp-json\/wp\/v2\/types\/page"}],"author":[{"embeddable":true,"href":"https:\/\/www.een-istanbul.org\/en\/wp-json\/wp\/v2\/users\/1"}],"replies":[{"embeddable":true,"href":"https:\/\/www.een-istanbul.org\/en\/wp-json\/wp\/v2\/comments?post=70"}],"version-history":[{"count":17,"href":"https:\/\/www.een-istanbul.org\/en\/wp-json\/wp\/v2\/pages\/70\/revisions"}],"predecessor-version":[{"id":860,"href":"https:\/\/www.een-istanbul.org\/en\/wp-json\/wp\/v2\/pages\/70\/revisions\/860"}],"wp:featuredmedia":[{"embeddable":true,"href":"https:\/\/www.een-istanbul.org\/en\/wp-json\/wp\/v2\/media\/73"}],"wp:attachment":[{"href":"https:\/\/www.een-istanbul.org\/en\/wp-json\/wp\/v2\/media?parent=70"}],"curies":[{"name":"wp","href":"https:\/\/api.w.org\/{rel}","templated":true}]}}