{"id":74,"date":"2024-05-29T02:15:49","date_gmt":"2024-05-28T23:15:49","guid":{"rendered":"https:\/\/www.een-istanbul.org\/contact\/"},"modified":"2024-10-16T16:58:12","modified_gmt":"2024-10-16T13:58:12","slug":"iletisim","status":"publish","type":"page","link":"https:\/\/www.een-istanbul.org\/en\/contact\/","title":{"rendered":"Contact Us"},"content":{"rendered":"<div data-elementor-type=\"wp-page\" data-elementor-id=\"74\" class=\"elementor elementor-74\" data-elementor-post-type=\"page\">\n\t\t\t\t<div class=\"elementor-element elementor-element-2a423ba9 e-flex e-con-boxed e-con e-parent\" data-id=\"2a423ba9\" data-element_type=\"container\">\n\t\t\t\t\t<div class=\"e-con-inner\">\n\t\t\t\t<div class=\"elementor-element elementor-element-13923ab4 elementor-widget elementor-widget-heading\" data-id=\"13923ab4\" data-element_type=\"widget\" data-widget_type=\"heading.default\">\n\t\t\t\t<div class=\"elementor-widget-container\">\n\t\t\t\t\t<h1 class=\"elementor-heading-title elementor-size-default\">Contact Us<\/h1>\t\t\t\t<\/div>\n\t\t\t\t<\/div>\n\t\t\t\t\t<\/div>\n\t\t\t\t<\/div>\n\t\t<div class=\"elementor-element elementor-element-340de43f e-flex e-con-boxed e-con e-parent\" data-id=\"340de43f\" data-element_type=\"container\">\n\t\t\t\t\t<div class=\"e-con-inner\">\n\t\t\t\t<div class=\"elementor-element elementor-element-7028ac4 elementor-widget elementor-widget-html\" data-id=\"7028ac4\" data-element_type=\"widget\" data-widget_type=\"html.default\">\n\t\t\t\t<div class=\"elementor-widget-container\">\n\t\t\t\t\t<iframe width=\"100%\" height=\"400px\" frameborder=\"0\" allowfullscreen allow=\"geolocation\" src=\"\/\/umap.openstreetmap.de\/tr\/map\/een-istanbul_62629?scaleControl=false&miniMap=false&scrollWheelZoom=false&zoomControl=true&editMode=disabled&moreControl=true&searchControl=null&tilelayersControl=null&embedControl=null&datalayersControl=true&onLoadPanel=none&captionBar=false&captionMenus=true&datalayers=4b94cbde-1403-450a-9ab9-ff9ff80ae01a%2C285e0ae6-f955-4f45-92ff-1f6b33229198\"><\/iframe>\t\t\t\t<\/div>\n\t\t\t\t<\/div>\n\t\t<div class=\"elementor-element elementor-element-17c6e9e e-con-full e-flex e-con e-child\" data-id=\"17c6e9e\" data-element_type=\"container\">\n\t\t\t\t<div class=\"elementor-element elementor-element-b7d1b96 elementor-widget elementor-widget-toggle\" data-id=\"b7d1b96\" data-element_type=\"widget\" data-widget_type=\"toggle.default\">\n\t\t\t\t<div class=\"elementor-widget-container\">\n\t\t\t\t\t\t\t<div class=\"elementor-toggle\">\n\t\t\t\t\t\t\t<div class=\"elementor-toggle-item\">\n\t\t\t\t\t<div id=\"elementor-tab-title-1921\" class=\"elementor-tab-title\" data-tab=\"1\" role=\"button\" aria-controls=\"elementor-tab-content-1921\" aria-expanded=\"false\">\n\t\t\t\t\t\t\t\t\t\t\t\t<span class=\"elementor-toggle-icon elementor-toggle-icon-left\" aria-hidden=\"true\">\n\t\t\t\t\t\t\t\t\t\t\t\t\t\t\t<span class=\"elementor-toggle-icon-closed\"><svg class=\"e-font-icon-svg e-fas-caret-right\" viewbox=\"0 0 192 512\" xmlns=\"http:\/\/www.w3.org\/2000\/svg\"><path d=\"M0 384.662V127.338c0-17.818 21.543-26.741 34.142-14.142l128.662 128.662c7.81 7.81 7.81 20.474 0 28.284L34.142 398.804C21.543 411.404 0 402.48 0 384.662z\"><\/path><\/svg><\/span>\n\t\t\t\t\t\t\t\t<span class=\"elementor-toggle-icon-opened\"><svg class=\"elementor-toggle-icon-opened e-font-icon-svg e-fas-caret-up\" viewbox=\"0 0 320 512\" xmlns=\"http:\/\/www.w3.org\/2000\/svg\"><path d=\"M288.662 352H31.338c-17.818 0-26.741-21.543-14.142-34.142l128.662-128.662c7.81-7.81 20.474-7.81 28.284 0l128.662 128.662c12.6 12.599 3.676 34.142-14.142 34.142z\"><\/path><\/svg><\/span>\n\t\t\t\t\t\t\t\t\t\t\t\t\t<\/span>\n\t\t\t\t\t\t\t\t\t\t\t\t<a class=\"elementor-toggle-title\" tabindex=\"0\"> Istanbul Chamber of Industry<\/a>\n\t\t\t\t\t<\/div>\n\n\t\t\t\t\t<div id=\"elementor-tab-content-1921\" class=\"elementor-tab-content elementor-clearfix\" data-tab=\"1\" role=\"region\" aria-labelledby=\"elementor-tab-title-1921\"><p>ODAKULE (MERKEZ) Me\u015frutiyet Cad. No:63, 34430 Beyo\u011flu\/\u0130STANBUL<\/p><p>(0212) 252 29 00 (Pbx)<\/p><\/div>\n\t\t\t\t<\/div>\n\t\t\t\t\t\t\t<div class=\"elementor-toggle-item\">\n\t\t\t\t\t<div id=\"elementor-tab-title-1922\" class=\"elementor-tab-title\" data-tab=\"2\" role=\"button\" aria-controls=\"elementor-tab-content-1922\" aria-expanded=\"false\">\n\t\t\t\t\t\t\t\t\t\t\t\t<span class=\"elementor-toggle-icon elementor-toggle-icon-left\" aria-hidden=\"true\">\n\t\t\t\t\t\t\t\t\t\t\t\t\t\t\t<span class=\"elementor-toggle-icon-closed\"><svg class=\"e-font-icon-svg e-fas-caret-right\" viewbox=\"0 0 192 512\" xmlns=\"http:\/\/www.w3.org\/2000\/svg\"><path d=\"M0 384.662V127.338c0-17.818 21.543-26.741 34.142-14.142l128.662 128.662c7.81 7.81 7.81 20.474 0 28.284L34.142 398.804C21.543 411.404 0 402.48 0 384.662z\"><\/path><\/svg><\/span>\n\t\t\t\t\t\t\t\t<span class=\"elementor-toggle-icon-opened\"><svg class=\"elementor-toggle-icon-opened e-font-icon-svg e-fas-caret-up\" viewbox=\"0 0 320 512\" xmlns=\"http:\/\/www.w3.org\/2000\/svg\"><path d=\"M288.662 352H31.338c-17.818 0-26.741-21.543-14.142-34.142l128.662-128.662c7.81-7.81 20.474-7.81 28.284 0l128.662 128.662c12.6 12.599 3.676 34.142-14.142 34.142z\"><\/path><\/svg><\/span>\n\t\t\t\t\t\t\t\t\t\t\t\t\t<\/span>\n\t\t\t\t\t\t\t\t\t\t\t\t<a class=\"elementor-toggle-title\" tabindex=\"0\">KOSGEB \u0130stanbul \u0130MES M\u00fcd\u00fcrl\u00fc\u011f\u00fc<\/a>\n\t\t\t\t\t<\/div>\n\n\t\t\t\t\t<div id=\"elementor-tab-content-1922\" class=\"elementor-tab-content elementor-clearfix\" data-tab=\"2\" role=\"region\" aria-labelledby=\"elementor-tab-title-1922\"><p>\u0130MES Sanayi Sitesi 308.Sok. C Blok No:46 Y.Dudullu P.K:81230 \u0130STANBUL<\/p><p>0 312 595 25 89<\/p><\/div>\n\t\t\t\t<\/div>\n\t\t\t\t\t\t\t<div class=\"elementor-toggle-item\">\n\t\t\t\t\t<div id=\"elementor-tab-title-1923\" class=\"elementor-tab-title\" data-tab=\"3\" role=\"button\" aria-controls=\"elementor-tab-content-1923\" aria-expanded=\"false\">\n\t\t\t\t\t\t\t\t\t\t\t\t<span class=\"elementor-toggle-icon elementor-toggle-icon-left\" aria-hidden=\"true\">\n\t\t\t\t\t\t\t\t\t\t\t\t\t\t\t<span class=\"elementor-toggle-icon-closed\"><svg class=\"e-font-icon-svg e-fas-caret-right\" viewbox=\"0 0 192 512\" xmlns=\"http:\/\/www.w3.org\/2000\/svg\"><path d=\"M0 384.662V127.338c0-17.818 21.543-26.741 34.142-14.142l128.662 128.662c7.81 7.81 7.81 20.474 0 28.284L34.142 398.804C21.543 411.404 0 402.48 0 384.662z\"><\/path><\/svg><\/span>\n\t\t\t\t\t\t\t\t<span class=\"elementor-toggle-icon-opened\"><svg class=\"elementor-toggle-icon-opened e-font-icon-svg e-fas-caret-up\" viewbox=\"0 0 320 512\" xmlns=\"http:\/\/www.w3.org\/2000\/svg\"><path d=\"M288.662 352H31.338c-17.818 0-26.741-21.543-14.142-34.142l128.662-128.662c7.81-7.81 20.474-7.81 28.284 0l128.662 128.662c12.6 12.599 3.676 34.142-14.142 34.142z\"><\/path><\/svg><\/span>\n\t\t\t\t\t\t\t\t\t\t\t\t\t<\/span>\n\t\t\t\t\t\t\t\t\t\t\t\t<a class=\"elementor-toggle-title\" tabindex=\"0\">Sabanc\u0131 University<\/a>\n\t\t\t\t\t<\/div>\n\n\t\t\t\t\t<div id=\"elementor-tab-content-1923\" class=\"elementor-tab-content elementor-clearfix\" data-tab=\"3\" role=\"region\" aria-labelledby=\"elementor-tab-title-1923\"><p>Orta Mahalle, 34956 Tuzla, \u0130stanbul, T\u00fcrkiye<\/p><p>Telefon: +90 216 483 90 00<\/p><\/div>\n\t\t\t\t<\/div>\n\t\t\t\t\t\t\t\t<\/div>\n\t\t\t\t\t\t<\/div>\n\t\t\t\t<\/div>\n\t\t\t\t<\/div>\n\t\t\t\t<div class=\"elementor-element elementor-element-caad4a4 elementor-widget elementor-widget-text-editor\" data-id=\"caad4a4\" data-element_type=\"widget\" data-widget_type=\"text-editor.default\">\n\t\t\t\t<div class=\"elementor-widget-container\">\n\t\t\t\t\t\t\t\t\t<p><a href=\"https:\/\/www.een-istanbul.org\/en\/about-us\/\">Click here to access the contact details of our team.<\/a><\/p>\t\t\t\t\t\t\t\t<\/div>\n\t\t\t\t<\/div>\n\t\t\t\t\t<\/div>\n\t\t\t\t<\/div>\n\t\t\t\t<\/div>","protected":false},"excerpt":{"rendered":"<p>\u0130leti\u015fim \u0130stanbul Sanayi Odas\u0131 ODAKULE (MERKEZ) Me\u015frutiyet Cad. No:63, 34430 Beyo\u011flu\/\u0130STANBUL (0212) 252 29 00 (Pbx) KOSGEB \u0130stanbul \u0130MES M\u00fcd\u00fcrl\u00fc\u011f\u00fc \u0130MES Sanayi Sitesi 308.Sok. C Blok No:46 Y.Dudullu P.K:81230 \u0130STANBUL [&hellip;]<\/p>","protected":false},"author":1,"featured_media":77,"parent":0,"menu_order":0,"comment_status":"closed","ping_status":"closed","template":"","meta":{"_acf_changed":false,"footnotes":""},"class_list":["post-74","page","type-page","status-publish","has-post-thumbnail","hentry"],"yoast_head":"<!-- This site is optimized with the Yoast SEO plugin v24.6 - https:\/\/yoast.com\/wordpress\/plugins\/seo\/ -->\n<title>\u0130leti\u015fim - AIA - Avrupa \u0130\u015fletmeleri A\u011f\u0131<\/title>\n<meta name=\"robots\" content=\"index, follow, max-snippet:-1, max-image-preview:large, max-video-preview:-1\" \/>\n<link rel=\"canonical\" href=\"https:\/\/www.een-istanbul.org\/en\/contact\/\" \/>\n<meta property=\"og:locale\" content=\"en_US\" \/>\n<meta property=\"og:type\" content=\"article\" \/>\n<meta property=\"og:title\" content=\"\u0130leti\u015fim - AIA - Avrupa \u0130\u015fletmeleri A\u011f\u0131\" \/>\n<meta property=\"og:description\" content=\"\u0130leti\u015fim \u0130stanbul Sanayi Odas\u0131 ODAKULE (MERKEZ) Me\u015frutiyet Cad. No:63, 34430 Beyo\u011flu\/\u0130STANBUL (0212) 252 29 00 (Pbx) KOSGEB \u0130stanbul \u0130MES M\u00fcd\u00fcrl\u00fc\u011f\u00fc \u0130MES Sanayi Sitesi 308.Sok. C Blok No:46 Y.Dudullu P.K:81230 \u0130STANBUL [&hellip;]\" \/>\n<meta property=\"og:url\" content=\"https:\/\/www.een-istanbul.org\/en\/contact\/\" \/>\n<meta property=\"og:site_name\" content=\"AIA - Avrupa \u0130\u015fletmeleri A\u011f\u0131\" \/>\n<meta property=\"article:modified_time\" content=\"2024-10-16T13:58:12+00:00\" \/>\n<meta property=\"og:image\" content=\"https:\/\/www.een-istanbul.org\/wp-content\/uploads\/2024\/05\/TheNetwork_Banner_2000_-5.jpg\" \/>\n\t<meta property=\"og:image:width\" content=\"1650\" \/>\n\t<meta property=\"og:image:height\" content=\"413\" \/>\n\t<meta property=\"og:image:type\" content=\"image\/jpeg\" \/>\n<meta name=\"twitter:card\" content=\"summary_large_image\" \/>\n<meta name=\"twitter:label1\" content=\"Est. reading time\" \/>\n\t<meta name=\"twitter:data1\" content=\"1 minute\" \/>\n<script type=\"application\/ld+json\" class=\"yoast-schema-graph\">{\"@context\":\"https:\/\/schema.org\",\"@graph\":[{\"@type\":\"WebPage\",\"@id\":\"https:\/\/www.een-istanbul.org\/iletisim\/\",\"url\":\"https:\/\/www.een-istanbul.org\/iletisim\/\",\"name\":\"\u0130leti\u015fim - AIA - Avrupa \u0130\u015fletmeleri A\u011f\u0131\",\"isPartOf\":{\"@id\":\"https:\/\/www.een-istanbul.org\/#website\"},\"primaryImageOfPage\":{\"@id\":\"https:\/\/www.een-istanbul.org\/iletisim\/#primaryimage\"},\"image\":{\"@id\":\"https:\/\/www.een-istanbul.org\/iletisim\/#primaryimage\"},\"thumbnailUrl\":\"https:\/\/www.een-istanbul.org\/wp-content\/uploads\/2024\/05\/TheNetwork_Banner_2000_-5.jpg\",\"datePublished\":\"2024-05-28T23:15:49+00:00\",\"dateModified\":\"2024-10-16T13:58:12+00:00\",\"breadcrumb\":{\"@id\":\"https:\/\/www.een-istanbul.org\/iletisim\/#breadcrumb\"},\"inLanguage\":\"en-US\",\"potentialAction\":[{\"@type\":\"ReadAction\",\"target\":[\"https:\/\/www.een-istanbul.org\/iletisim\/\"]}]},{\"@type\":\"ImageObject\",\"inLanguage\":\"en-US\",\"@id\":\"https:\/\/www.een-istanbul.org\/iletisim\/#primaryimage\",\"url\":\"https:\/\/www.een-istanbul.org\/wp-content\/uploads\/2024\/05\/TheNetwork_Banner_2000_-5.jpg\",\"contentUrl\":\"https:\/\/www.een-istanbul.org\/wp-content\/uploads\/2024\/05\/TheNetwork_Banner_2000_-5.jpg\",\"width\":1650,\"height\":413},{\"@type\":\"BreadcrumbList\",\"@id\":\"https:\/\/www.een-istanbul.org\/iletisim\/#breadcrumb\",\"itemListElement\":[{\"@type\":\"ListItem\",\"position\":1,\"name\":\"Home\",\"item\":\"https:\/\/www.een-istanbul.org\/\"},{\"@type\":\"ListItem\",\"position\":2,\"name\":\"\u0130leti\u015fim\"}]},{\"@type\":\"WebSite\",\"@id\":\"https:\/\/www.een-istanbul.org\/#website\",\"url\":\"https:\/\/www.een-istanbul.org\/\",\"name\":\"AIA - Avrupa \u0130\u015fletmeleri A\u011f\u0131\",\"description\":\"\",\"publisher\":{\"@id\":\"https:\/\/www.een-istanbul.org\/#organization\"},\"potentialAction\":[{\"@type\":\"SearchAction\",\"target\":{\"@type\":\"EntryPoint\",\"urlTemplate\":\"https:\/\/www.een-istanbul.org\/?s={search_term_string}\"},\"query-input\":{\"@type\":\"PropertyValueSpecification\",\"valueRequired\":true,\"valueName\":\"search_term_string\"}}],\"inLanguage\":\"en-US\"},{\"@type\":\"Organization\",\"@id\":\"https:\/\/www.een-istanbul.org\/#organization\",\"name\":\"AIA - Avrupa \u0130\u015fletmeleri A\u011f\u0131\",\"url\":\"https:\/\/www.een-istanbul.org\/\",\"logo\":{\"@type\":\"ImageObject\",\"inLanguage\":\"en-US\",\"@id\":\"https:\/\/www.een-istanbul.org\/#\/schema\/logo\/image\/\",\"url\":\"https:\/\/www.een-istanbul.org\/wp-content\/uploads\/2024\/05\/EEN_logo_RGB_HORIZ_negative-header_0.png\",\"contentUrl\":\"https:\/\/www.een-istanbul.org\/wp-content\/uploads\/2024\/05\/EEN_logo_RGB_HORIZ_negative-header_0.png\",\"width\":190,\"height\":72,\"caption\":\"AIA - Avrupa \u0130\u015fletmeleri A\u011f\u0131\"},\"image\":{\"@id\":\"https:\/\/www.een-istanbul.org\/#\/schema\/logo\/image\/\"}}]}<\/script>\n<!-- \/ Yoast SEO plugin. -->","yoast_head_json":{"title":"\u0130leti\u015fim - AIA - Avrupa \u0130\u015fletmeleri A\u011f\u0131","robots":{"index":"index","follow":"follow","max-snippet":"max-snippet:-1","max-image-preview":"max-image-preview:large","max-video-preview":"max-video-preview:-1"},"canonical":"https:\/\/www.een-istanbul.org\/en\/contact\/","og_locale":"en_US","og_type":"article","og_title":"\u0130leti\u015fim - AIA - Avrupa \u0130\u015fletmeleri A\u011f\u0131","og_description":"\u0130leti\u015fim \u0130stanbul Sanayi Odas\u0131 ODAKULE (MERKEZ) Me\u015frutiyet Cad. No:63, 34430 Beyo\u011flu\/\u0130STANBUL (0212) 252 29 00 (Pbx) KOSGEB \u0130stanbul \u0130MES M\u00fcd\u00fcrl\u00fc\u011f\u00fc \u0130MES Sanayi Sitesi 308.Sok. C Blok No:46 Y.Dudullu P.K:81230 \u0130STANBUL [&hellip;]","og_url":"https:\/\/www.een-istanbul.org\/en\/contact\/","og_site_name":"AIA - Avrupa \u0130\u015fletmeleri A\u011f\u0131","article_modified_time":"2024-10-16T13:58:12+00:00","og_image":[{"width":1650,"height":413,"url":"https:\/\/www.een-istanbul.org\/wp-content\/uploads\/2024\/05\/TheNetwork_Banner_2000_-5.jpg","type":"image\/jpeg"}],"twitter_card":"summary_large_image","twitter_misc":{"Est. reading time":"1 minute"},"schema":{"@context":"https:\/\/schema.org","@graph":[{"@type":"WebPage","@id":"https:\/\/www.een-istanbul.org\/iletisim\/","url":"https:\/\/www.een-istanbul.org\/iletisim\/","name":"\u0130leti\u015fim - AIA - Avrupa \u0130\u015fletmeleri A\u011f\u0131","isPartOf":{"@id":"https:\/\/www.een-istanbul.org\/#website"},"primaryImageOfPage":{"@id":"https:\/\/www.een-istanbul.org\/iletisim\/#primaryimage"},"image":{"@id":"https:\/\/www.een-istanbul.org\/iletisim\/#primaryimage"},"thumbnailUrl":"https:\/\/www.een-istanbul.org\/wp-content\/uploads\/2024\/05\/TheNetwork_Banner_2000_-5.jpg","datePublished":"2024-05-28T23:15:49+00:00","dateModified":"2024-10-16T13:58:12+00:00","breadcrumb":{"@id":"https:\/\/www.een-istanbul.org\/iletisim\/#breadcrumb"},"inLanguage":"en-US","potentialAction":[{"@type":"ReadAction","target":["https:\/\/www.een-istanbul.org\/iletisim\/"]}]},{"@type":"ImageObject","inLanguage":"en-US","@id":"https:\/\/www.een-istanbul.org\/iletisim\/#primaryimage","url":"https:\/\/www.een-istanbul.org\/wp-content\/uploads\/2024\/05\/TheNetwork_Banner_2000_-5.jpg","contentUrl":"https:\/\/www.een-istanbul.org\/wp-content\/uploads\/2024\/05\/TheNetwork_Banner_2000_-5.jpg","width":1650,"height":413},{"@type":"BreadcrumbList","@id":"https:\/\/www.een-istanbul.org\/iletisim\/#breadcrumb","itemListElement":[{"@type":"ListItem","position":1,"name":"Home","item":"https:\/\/www.een-istanbul.org\/"},{"@type":"ListItem","position":2,"name":"\u0130leti\u015fim"}]},{"@type":"WebSite","@id":"https:\/\/www.een-istanbul.org\/#website","url":"https:\/\/www.een-istanbul.org\/","name":"AIA - Avrupa \u0130\u015fletmeleri A\u011f\u0131","description":"","publisher":{"@id":"https:\/\/www.een-istanbul.org\/#organization"},"potentialAction":[{"@type":"SearchAction","target":{"@type":"EntryPoint","urlTemplate":"https:\/\/www.een-istanbul.org\/?s={search_term_string}"},"query-input":{"@type":"PropertyValueSpecification","valueRequired":true,"valueName":"search_term_string"}}],"inLanguage":"en-US"},{"@type":"Organization","@id":"https:\/\/www.een-istanbul.org\/#organization","name":"AIA - Avrupa \u0130\u015fletmeleri A\u011f\u0131","url":"https:\/\/www.een-istanbul.org\/","logo":{"@type":"ImageObject","inLanguage":"en-US","@id":"https:\/\/www.een-istanbul.org\/#\/schema\/logo\/image\/","url":"https:\/\/www.een-istanbul.org\/wp-content\/uploads\/2024\/05\/EEN_logo_RGB_HORIZ_negative-header_0.png","contentUrl":"https:\/\/www.een-istanbul.org\/wp-content\/uploads\/2024\/05\/EEN_logo_RGB_HORIZ_negative-header_0.png","width":190,"height":72,"caption":"AIA - Avrupa \u0130\u015fletmeleri A\u011f\u0131"},"image":{"@id":"https:\/\/www.een-istanbul.org\/#\/schema\/logo\/image\/"}}]}},"acf":[],"_links":{"self":[{"href":"https:\/\/www.een-istanbul.org\/en\/wp-json\/wp\/v2\/pages\/74","targetHints":{"allow":["GET"]}}],"collection":[{"href":"https:\/\/www.een-istanbul.org\/en\/wp-json\/wp\/v2\/pages"}],"about":[{"href":"https:\/\/www.een-istanbul.org\/en\/wp-json\/wp\/v2\/types\/page"}],"author":[{"embeddable":true,"href":"https:\/\/www.een-istanbul.org\/en\/wp-json\/wp\/v2\/users\/1"}],"replies":[{"embeddable":true,"href":"https:\/\/www.een-istanbul.org\/en\/wp-json\/wp\/v2\/comments?post=74"}],"version-history":[{"count":18,"href":"https:\/\/www.een-istanbul.org\/en\/wp-json\/wp\/v2\/pages\/74\/revisions"}],"predecessor-version":[{"id":1603,"href":"https:\/\/www.een-istanbul.org\/en\/wp-json\/wp\/v2\/pages\/74\/revisions\/1603"}],"wp:featuredmedia":[{"embeddable":true,"href":"https:\/\/www.een-istanbul.org\/en\/wp-json\/wp\/v2\/media\/77"}],"wp:attachment":[{"href":"https:\/\/www.een-istanbul.org\/en\/wp-json\/wp\/v2\/media?parent=74"}],"curies":[{"name":"wp","href":"https:\/\/api.w.org\/{rel}","templated":true}]}}